{"id":21,"date":"2017-07-03T05:25:31","date_gmt":"2017-07-03T05:25:31","guid":{"rendered":"http:\/\/www.surrogacyforgay.com\/?page_id=21"},"modified":"2018-02-10T05:39:48","modified_gmt":"2018-02-10T05:39:48","slug":"maternidad-subrogada-en-kenya","status":"publish","type":"page","link":"https:\/\/www.surrogacyforgay.com\/es\/maternidad-subrogada-en-kenya\/","title":{"rendered":"Maternidad subrogada en Kenya"},"content":{"rendered":"<h2>Maternidad subrogada en Kenya<\/h2>\n<p>Kenya se ha convertido en un atractivo destino para padres solteros que quieren someterse a un tratamiento de maternidad subrogada.<\/p>\n<p>Lo que hace de Kenya un destino tan atractivo es que la gestaci\u00f3n por sustituci\u00f3n es completamente legal y asequible. Desde 2014,y de acuerdo con una decisi\u00f3n del Tribunal Supremo, inmediatamente tras firmar el contrato con la gestante los padres de intenci\u00f3n obtienen autom\u00e1ticamente los derechos de paternidad del beb\u00e9.<\/p>\n<p>Incluso antes de que el embri\u00f3n sea transferido al \u00fatero de la gestante, el contrato con la madre subrogada debe ser certificado ante notario en el Registro P\u00fablico (Huduma). La ley del pa\u00eds estipula que las madres por substituci\u00f3n no deben ser en ning\u00fan caso menores de 25 a\u00f1os.<\/p>\n<p>La ley del pa\u00eds no hace referencia al acceso por parte de parejas gays a este tipo de tratamientos. En aras de operar dentro del marco legal keniata, los contratos de maternidad subrogada se realizan entre la gestante y el padre de intenci\u00f3n (considerado como padre soltero).<\/p>\n<p>Kenya ofrece todo tipo de garant\u00edas m\u00e9dicas, pero adem\u00e1s es un destino tur\u00edstico muy popular. Se trata de uno de los pa\u00edses m\u00e1s seguros, desarrollados y pintorescos del continente africano. Es, sin duda, un pa\u00eds lleno de ventajas para aquellos padres que quieran someterse a un tratamiento de maternidad subrogada. <\/p>\n<div class=\"row\">\n<div class=\"col-md-8 col-md-offset-2 margin-top-lg margin-bottom-lg\">\n<div class=\"transparent-orange-dark\">\n<h3 class=\"text-white text-center no-margin-top padding-sm\">Guaranteed Surrogacy<\/h3>\n<\/div>\n<div class=\"bg-lightgray text-center padding-md\">\n<button class=\"btn btn-lg btn-nl-inv cm\" type=\"button\">Contact Now<\/button> <a href=\"\/surrogacy-in-laos\/\" class=\"btn btn-lg btn-nl-orange\">Learn More<\/a>\n<\/div>\n<\/div>\n<\/div>\n","protected":false},"excerpt":{"rendered":"<p>Maternidad subrogada en Kenya Kenya se ha convertido en un atractivo destino para padres solteros que quieren someterse a un tratamiento de maternidad subrogada. Lo que hace de Kenya un destino tan atractivo es que la gestaci\u00f3n por sustituci\u00f3n es completamente legal y asequible. Desde 2014,y de acuerdo con una decisi\u00f3n del Tribunal Supremo, inmediatamente [&hellip;]<\/p>\n","protected":false},"author":1,"featured_media":0,"parent":0,"menu_order":0,"comment_status":"closed","ping_status":"closed","template":"","meta":{"footnotes":""},"class_list":["post-21","page","type-page","status-publish","hentry"],"yoast_head":"<!-- This site is optimized with the Yoast SEO plugin v27.5 - https:\/\/yoast.com\/product\/yoast-seo-wordpress\/ -->\n<title>Surrogacy in Kenya Available for Gay Couples &amp; Singles<\/title>\n<meta name=\"description\" content=\"Kenya Gay Surrogacy Solutions and other destinations for gay &amp; LGBT intended parents. Gestational Surrogacy for available with egg donation.\" \/>\n<meta name=\"robots\" content=\"index, follow, max-snippet:-1, max-image-preview:large, max-video-preview:-1\" \/>\n<link rel=\"canonical\" href=\"https:\/\/www.surrogacyforgay.com\/es\/maternidad-subrogada-en-kenya\/\" \/>\n<meta property=\"og:locale\" content=\"en_US\" \/>\n<meta property=\"og:type\" content=\"article\" \/>\n<meta property=\"og:title\" content=\"Surrogacy in Kenya Available for Gay Couples &amp; Singles\" \/>\n<meta property=\"og:description\" content=\"Kenya Gay Surrogacy Solutions and other destinations for gay &amp; LGBT intended parents. Gestational Surrogacy for available with egg donation.\" \/>\n<meta property=\"og:url\" content=\"https:\/\/www.surrogacyforgay.com\/es\/maternidad-subrogada-en-kenya\/\" \/>\n<meta property=\"og:site_name\" content=\"Surrogacy for Gay ES\" \/>\n<meta property=\"article:modified_time\" content=\"2018-02-10T05:39:48+00:00\" \/>\n<meta name=\"twitter:card\" content=\"summary_large_image\" \/>\n<meta name=\"twitter:label1\" content=\"Est. reading time\" \/>\n\t<meta name=\"twitter:data1\" content=\"1 minute\" \/>\n<!-- \/ Yoast SEO plugin. -->","yoast_head_json":{"title":"Surrogacy in Kenya Available for Gay Couples & Singles","description":"Kenya Gay Surrogacy Solutions and other destinations for gay & LGBT intended parents. Gestational Surrogacy for available with egg donation.","robots":{"index":"index","follow":"follow","max-snippet":"max-snippet:-1","max-image-preview":"max-image-preview:large","max-video-preview":"max-video-preview:-1"},"canonical":"https:\/\/www.surrogacyforgay.com\/es\/maternidad-subrogada-en-kenya\/","og_locale":"en_US","og_type":"article","og_title":"Surrogacy in Kenya Available for Gay Couples & Singles","og_description":"Kenya Gay Surrogacy Solutions and other destinations for gay & LGBT intended parents. Gestational Surrogacy for available with egg donation.","og_url":"https:\/\/www.surrogacyforgay.com\/es\/maternidad-subrogada-en-kenya\/","og_site_name":"Surrogacy for Gay ES","article_modified_time":"2018-02-10T05:39:48+00:00","twitter_card":"summary_large_image","twitter_misc":{"Est. reading time":"1 minute"},"schema":{"@context":"https:\/\/schema.org","@graph":[{"@type":"WebPage","@id":"https:\/\/www.surrogacyforgay.com\/es\/maternidad-subrogada-en-kenya\/","url":"https:\/\/www.surrogacyforgay.com\/es\/maternidad-subrogada-en-kenya\/","name":"Surrogacy in Kenya Available for Gay Couples & Singles","isPartOf":{"@id":"https:\/\/www.surrogacyforgay.com\/es\/#website"},"datePublished":"2017-07-03T05:25:31+00:00","dateModified":"2018-02-10T05:39:48+00:00","description":"Kenya Gay Surrogacy Solutions and other destinations for gay & LGBT intended parents. Gestational Surrogacy for available with egg donation.","breadcrumb":{"@id":"https:\/\/www.surrogacyforgay.com\/es\/maternidad-subrogada-en-kenya\/#breadcrumb"},"inLanguage":"en-US","potentialAction":[{"@type":"ReadAction","target":["https:\/\/www.surrogacyforgay.com\/es\/maternidad-subrogada-en-kenya\/"]}]},{"@type":"BreadcrumbList","@id":"https:\/\/www.surrogacyforgay.com\/es\/maternidad-subrogada-en-kenya\/#breadcrumb","itemListElement":[{"@type":"ListItem","position":1,"name":"Home","item":"https:\/\/www.surrogacyforgay.com\/es\/"},{"@type":"ListItem","position":2,"name":"Maternidad subrogada en Kenya"}]},{"@type":"WebSite","@id":"https:\/\/www.surrogacyforgay.com\/es\/#website","url":"https:\/\/www.surrogacyforgay.com\/es\/","name":"Surrogacy for Gay ES","description":"Gay Surrogacy Agency","potentialAction":[{"@type":"SearchAction","target":{"@type":"EntryPoint","urlTemplate":"https:\/\/www.surrogacyforgay.com\/es\/?s={search_term_string}"},"query-input":{"@type":"PropertyValueSpecification","valueRequired":true,"valueName":"search_term_string"}}],"inLanguage":"en-US"}]}},"_links":{"self":[{"href":"https:\/\/www.surrogacyforgay.com\/es\/wp-json\/wp\/v2\/pages\/21","targetHints":{"allow":["GET"]}}],"collection":[{"href":"https:\/\/www.surrogacyforgay.com\/es\/wp-json\/wp\/v2\/pages"}],"about":[{"href":"https:\/\/www.surrogacyforgay.com\/es\/wp-json\/wp\/v2\/types\/page"}],"author":[{"embeddable":true,"href":"https:\/\/www.surrogacyforgay.com\/es\/wp-json\/wp\/v2\/users\/1"}],"replies":[{"embeddable":true,"href":"https:\/\/www.surrogacyforgay.com\/es\/wp-json\/wp\/v2\/comments?post=21"}],"version-history":[{"count":1,"href":"https:\/\/www.surrogacyforgay.com\/es\/wp-json\/wp\/v2\/pages\/21\/revisions"}],"predecessor-version":[{"id":296,"href":"https:\/\/www.surrogacyforgay.com\/es\/wp-json\/wp\/v2\/pages\/21\/revisions\/296"}],"wp:attachment":[{"href":"https:\/\/www.surrogacyforgay.com\/es\/wp-json\/wp\/v2\/media?parent=21"}],"curies":[{"name":"wp","href":"https:\/\/api.w.org\/{rel}","templated":true}]}}