{"id":269,"date":"2017-06-29T20:25:07","date_gmt":"2017-06-29T20:25:07","guid":{"rendered":"http:\/\/surrogacyforgay.com\/?page_id=6"},"modified":"2025-10-15T08:23:55","modified_gmt":"2025-10-15T08:23:55","slug":"home","status":"publish","type":"page","link":"https:\/\/www.surrogacyforgay.com\/es\/","title":{"rendered":"Home"},"content":{"rendered":"<div class=\"col-md-4 bg-gray-darker front-tile\">\n<p class=\"text-center super-es\"><span class=\"text-yellow\">\u00bf<\/span>Qu\u00e9 hacemos<span class=\"text-yellow\">?<\/span><\/p>\n<\/div>\n<div class=\"col-md-4 bg-gray-lighter front-tile\">\n<h3>Opciones para crear familias<\/h3>\n<div class=\"yellow-stripe\"><\/div>\n<p class=\"justify\">\nMaternidad Subrogada para Gays es parte de Surrogacy Global Network, una red que ofrece opciones especializadas para parejas gay de todo el mundo. Hemos ayudado a m\u00e1s de 2800 familias homosexuales y tenemos un historial envidiable, con muchas familias que vuelven a nosotros para darles un hermanito a sus hijos. Entendemos que se trata de un proceso dificil con mil obst\u00e1culos &#8211; tiempo, dinero, aspectos legales y sociales, el estr\u00e9s asociado al viaje y la ansiedad que causa el no saber si la cl\u00ednica escogida es de confianza. Al menos con nosotros sabes que contamos con la experiencia necesaria para resolver y atenuar todos esos problemas y lidiar con cualquier obst\u00e1culo que aparezca en el camino.\n<\/p>\n<\/div>\n<div class=\"col-md-4 bg-gray-darker front-tile\">\n<p class=\"justify\">\n<h3>Sabemos que puede ser un gran reto&#8230;<\/h3>\n<div class=\"yellow-stripe\"><\/div>\n<p class=\"justify\">\n&#8230;para las parejas gay embarcarse en un tratamiento de maternidad subrogada en el extranjero. Existen toda clase de barreras dificultando el proceso: legislativas, culturales, econ\u00f3micas&#8230; Nuestra misi\u00f3n es ayudarte a sortearlas y a ampliar tu familia de la forma m\u00e1s c\u00f3moda y relajada posible. <\/p>\n<p>Ponte en contacto con nosotros hoy y empieza el viaje hacia tu sue\u00f1o de forma segura, siempre acompa\u00f1ado por profesionales y expertos apasionados por el mundo de la maternidad subrogada que pondr\u00e1n a tu disposici\u00f3n los \u00faltimos avances tecnol\u00f3gicos en este campo.<\/p>\n<\/div>\n<\/div>\n<\/div>\n<div class=\"parallax-window text-center\" data-parallax=\"scroll\" data-natural-height=\"1080\" data-image-src=\"\/wp-content\/uploads\/2017\/07\/Gay-Dad-4.jpg\">\n<button class=\"btn btn-xl btn-nl call-to-action contact\">Amplia ahora tu familia!<\/button>\n        <\/div>\n<\/div>\n<div class=\"container\">\n<div class=\"row\">\n<div class=\"col-md-4 front-tile narrower-es\">\n<h2 class=\"margin-top-lg\">Programa de maternidad subrogada asequible<\/h2>\n<div class=\"yellow-stripe\"><\/div>\n<p><\/p>\n<p>S\u00ed, la maternidad subrogada es un viaje emotivo y emocionante, pero tambi\u00e9n estresante y agotador, y que implica un gasto considerable. Maternidad subrogada para gays crea programas \u00fanicos que son efectivos a nivel de coste.<\/p>\n<\/div>\n<div class=\"col-md-4 front-tile narrower-es\">\n<h2 class=\"margin-top-lg\">Los mejores destinos para tratamientos de maternidad subrogada<\/h2>\n<div class=\"yellow-stripe\"><\/div>\n<p><\/p>\n<p>Maternidad subrogada para Gays escoge para ti los destinos m\u00e1s atractivos en cuanto a maternidad subrogada &#8211; la experiencia m\u00e9dica, el nivel de las instalaciones, la actitud del personal de la cl\u00ednica y el \u00edndice de \u00e9xito en el campo de la fertilidad son factores de crucial importancia para nosotros.<\/p>\n<\/div>\n<div class=\"col-md-4 front-tile narrower-es\">\n<h2 class=\"margin-top-lg\">Tratamientos de fertilidad de primera<\/h2>\n<div class=\"yellow-stripe\"><\/div>\n<p><\/p>\n<p>Especialistas l\u00edderes en fertilidad y un equipo de profesionales altamente cualificados ofrecen nuestros servicios en un ambiente en el que prestamos atenci\u00f3n al m\u00e1s m\u00ednimo detalle, empleando los \u00faltimos avances tecnol\u00f3gicos a nuestro alcance.<\/p>\n<\/div>\n<div class=\"col-md-4 front-tile narrower-es\">\n<h2 class=\"margin-top-lg\">Compromiso<\/h2>\n<div class=\"yellow-stripe\"><\/div>\n<p><\/p>\n<p>El compromiso de Maternidad Subrogada para Gays es ofrecer opciones en este tipo de tratamientos que sean asequibles, de alta calidad, bien organizadas y que se adapten a las necesidades individuales de cada padre de intenci\u00f3n.<\/p>\n<\/div>\n<div class=\"col-md-4 front-tile narrower-es\">\n<h2 class=\"margin-top-lg\">Familias LGBT<\/h2>\n<div class=\"yellow-stripe\"><\/div>\n<p><\/p>\n<p>No estamos aqu\u00ed \u00fanicamente para ofrecerte servicios m\u00e9dicos y legales. Para nosotros es esencial la parte emocional del proceso y estamos aqu\u00ed para ofrecerte atenci\u00f3n individualizada las 24 horas del d\u00eda y ayudarte a construir la familia con la que siempre so\u00f1aste.<\/p>\n<\/div>\n<div class=\"col-md-4 front-tile narrower-es\">\n<h2 class=\"margin-top-lg\">Niveles de \u00e9xito sin parang\u00f3n<\/h2>\n<div class=\"yellow-stripe\"><\/div>\n<p><\/p>\n<p>\u00a1El trabajo duro da resultados! Nuestra pasi\u00f3n por crear familias, el conocimiento en profundidad de la maternidad subrogada y una constante adaptaci\u00f3n a las necesidades de nuestros pacientes contribuyen a nuestros elevados \u00edndices de \u00e9xito.<\/p>\n<\/div>\n<\/div>\n","protected":false},"excerpt":{"rendered":"<p>\u00bfQu\u00e9 hacemos? Opciones para crear familias Maternidad Subrogada para Gays es parte de Surrogacy Global Network, una red que ofrece opciones especializadas para parejas gay de todo el mundo. Hemos ayudado a m\u00e1s de 2800 familias homosexuales y tenemos un historial envidiable, con muchas familias que vuelven a nosotros para darles un hermanito a sus [&hellip;]<\/p>\n","protected":false},"author":1,"featured_media":0,"parent":0,"menu_order":0,"comment_status":"closed","ping_status":"closed","template":"full-width.php","meta":{"footnotes":""},"class_list":["post-269","page","type-page","status-publish","hentry"],"yoast_head":"<!-- This site is optimized with the Yoast SEO plugin v27.5 - https:\/\/yoast.com\/product\/yoast-seo-wordpress\/ -->\n<title>Surrogacy for Gay Couples Egg Donation Solutions in Multiple Countries<\/title>\n<meta name=\"description\" content=\"Surrogacy Solutions for Gay in Multiple Destinations for Gay intended parents. Gestational Surrogacy for Gay available with egg donation.\" \/>\n<meta name=\"robots\" content=\"index, follow, max-snippet:-1, max-image-preview:large, max-video-preview:-1\" \/>\n<link rel=\"canonical\" href=\"https:\/\/www.surrogacyforgay.com\/es\/\" \/>\n<meta property=\"og:locale\" content=\"en_US\" \/>\n<meta property=\"og:type\" content=\"article\" \/>\n<meta property=\"og:title\" content=\"Surrogacy for Gay Couples Egg Donation Solutions in Multiple Countries\" \/>\n<meta property=\"og:description\" content=\"Surrogacy Solutions for Gay in Multiple Destinations for Gay intended parents. Gestational Surrogacy for Gay available with egg donation.\" \/>\n<meta property=\"og:url\" content=\"https:\/\/www.surrogacyforgay.com\/es\/\" \/>\n<meta property=\"og:site_name\" content=\"Surrogacy for Gay ES\" \/>\n<meta property=\"article:modified_time\" content=\"2025-10-15T08:23:55+00:00\" \/>\n<meta name=\"twitter:card\" content=\"summary_large_image\" \/>\n<meta name=\"twitter:label1\" content=\"Est. reading time\" \/>\n\t<meta name=\"twitter:data1\" content=\"3 minutes\" \/>\n<!-- \/ Yoast SEO plugin. -->","yoast_head_json":{"title":"Surrogacy for Gay Couples Egg Donation Solutions in Multiple Countries","description":"Surrogacy Solutions for Gay in Multiple Destinations for Gay intended parents. Gestational Surrogacy for Gay available with egg donation.","robots":{"index":"index","follow":"follow","max-snippet":"max-snippet:-1","max-image-preview":"max-image-preview:large","max-video-preview":"max-video-preview:-1"},"canonical":"https:\/\/www.surrogacyforgay.com\/es\/","og_locale":"en_US","og_type":"article","og_title":"Surrogacy for Gay Couples Egg Donation Solutions in Multiple Countries","og_description":"Surrogacy Solutions for Gay in Multiple Destinations for Gay intended parents. Gestational Surrogacy for Gay available with egg donation.","og_url":"https:\/\/www.surrogacyforgay.com\/es\/","og_site_name":"Surrogacy for Gay ES","article_modified_time":"2025-10-15T08:23:55+00:00","twitter_card":"summary_large_image","twitter_misc":{"Est. reading time":"3 minutes"},"schema":{"@context":"https:\/\/schema.org","@graph":[{"@type":"WebPage","@id":"https:\/\/www.surrogacyforgay.com\/es\/","url":"https:\/\/www.surrogacyforgay.com\/es\/","name":"Surrogacy for Gay Couples Egg Donation Solutions in Multiple Countries","isPartOf":{"@id":"https:\/\/www.surrogacyforgay.com\/es\/#website"},"datePublished":"2017-06-29T20:25:07+00:00","dateModified":"2025-10-15T08:23:55+00:00","description":"Surrogacy Solutions for Gay in Multiple Destinations for Gay intended parents. Gestational Surrogacy for Gay available with egg donation.","breadcrumb":{"@id":"https:\/\/www.surrogacyforgay.com\/es\/#breadcrumb"},"inLanguage":"en-US","potentialAction":[{"@type":"ReadAction","target":["https:\/\/www.surrogacyforgay.com\/es\/"]}]},{"@type":"BreadcrumbList","@id":"https:\/\/www.surrogacyforgay.com\/es\/#breadcrumb","itemListElement":[{"@type":"ListItem","position":1,"name":"Home","item":"https:\/\/www.surrogacyforgay.com\/es\/"},{"@type":"ListItem","position":2,"name":"Home"}]},{"@type":"WebSite","@id":"https:\/\/www.surrogacyforgay.com\/es\/#website","url":"https:\/\/www.surrogacyforgay.com\/es\/","name":"Surrogacy for Gay ES","description":"Gay Surrogacy Agency","potentialAction":[{"@type":"SearchAction","target":{"@type":"EntryPoint","urlTemplate":"https:\/\/www.surrogacyforgay.com\/es\/?s={search_term_string}"},"query-input":{"@type":"PropertyValueSpecification","valueRequired":true,"valueName":"search_term_string"}}],"inLanguage":"en-US"}]}},"_links":{"self":[{"href":"https:\/\/www.surrogacyforgay.com\/es\/wp-json\/wp\/v2\/pages\/269","targetHints":{"allow":["GET"]}}],"collection":[{"href":"https:\/\/www.surrogacyforgay.com\/es\/wp-json\/wp\/v2\/pages"}],"about":[{"href":"https:\/\/www.surrogacyforgay.com\/es\/wp-json\/wp\/v2\/types\/page"}],"author":[{"embeddable":true,"href":"https:\/\/www.surrogacyforgay.com\/es\/wp-json\/wp\/v2\/users\/1"}],"replies":[{"embeddable":true,"href":"https:\/\/www.surrogacyforgay.com\/es\/wp-json\/wp\/v2\/comments?post=269"}],"version-history":[{"count":7,"href":"https:\/\/www.surrogacyforgay.com\/es\/wp-json\/wp\/v2\/pages\/269\/revisions"}],"predecessor-version":[{"id":304,"href":"https:\/\/www.surrogacyforgay.com\/es\/wp-json\/wp\/v2\/pages\/269\/revisions\/304"}],"wp:attachment":[{"href":"https:\/\/www.surrogacyforgay.com\/es\/wp-json\/wp\/v2\/media?parent=269"}],"curies":[{"name":"wp","href":"https:\/\/api.w.org\/{rel}","templated":true}]}}