{"id":27,"date":"2017-07-03T05:26:49","date_gmt":"2017-07-03T05:26:49","guid":{"rendered":"http:\/\/www.surrogacyforgay.com\/?page_id=27"},"modified":"2018-02-10T05:37:20","modified_gmt":"2018-02-10T05:37:20","slug":"legislacion","status":"publish","type":"page","link":"https:\/\/www.surrogacyforgay.com\/es\/legislacion\/","title":{"rendered":"Legislaci\u00f3n"},"content":{"rendered":"<h2>Legislaci\u00f3n<\/h2>\n<p>Entendemos que para las parejas gays el marco legal del pa\u00eds de destino es especialmente delicado. Tenemos la experiencia adecuada para poder mantenerles informados acerca de la ubicaci\u00f3n ideal dadas las circunstancias precisas de su caso en particular. <\/p>\n<div class=\"row\">\n<div class=\"col-md-7\">\nEn Espa\u00f1a y Am\u00e9rica Latina trabajamos codo con codo con prestigiosos abogados y gabinetes jur\u00eddicos especializados en el campo de la maternidad subrogada. Tanto ellos como nosotros estaremos siempre encantados de explicarles qu\u00e9 destino se adecua mejor a sus necesidades, y cu\u00e1les son los pros y los contras en cada caso.\n    <\/div>\n<div class=\"col-md-5 margin-bottom-sm\">\n        <img decoding=\"async\" src=\"\/wp-content\/uploads\/legislation.jpg\" alt=\"Surrogacy legislation\" class=\"img-responsive\" \/>\n    <\/div>\n<\/div>\n<p>Nos apasiona la idea de que usted se encuentre c\u00f3modo y a gusto en el destino elegido, para que pueda concentrarse en los \u00fanico que de verdad importa: disfrutar de cada momento de la vida de su hijo, ya desde antes incluso de su nacimiento.<\/p>\n<div class=\"row\">\n<div class=\"col-md-8 col-md-offset-2 margin-top-lg margin-bottom-lg\">\n<div class=\"transparent-orange-dark\">\n<h3 class=\"text-white text-center no-margin-top padding-sm\">Guaranteed Surrogacy<\/h3>\n<\/div>\n<div class=\"bg-lightgray text-center padding-md\">\n<button class=\"btn btn-lg btn-nl-inv cm\" type=\"button\">Contact Now<\/button> <a href=\"\/surrogacy-in-kenya\/\" class=\"btn btn-lg btn-nl-orange\">Learn More<\/a>\n<\/div>\n<\/div>\n<\/div>\n","protected":false},"excerpt":{"rendered":"<p>Legislaci\u00f3n Entendemos que para las parejas gays el marco legal del pa\u00eds de destino es especialmente delicado. Tenemos la experiencia adecuada para poder mantenerles informados acerca de la ubicaci\u00f3n ideal dadas las circunstancias precisas de su caso en particular. En Espa\u00f1a y Am\u00e9rica Latina trabajamos codo con codo con prestigiosos abogados y gabinetes jur\u00eddicos especializados [&hellip;]<\/p>\n","protected":false},"author":1,"featured_media":0,"parent":0,"menu_order":0,"comment_status":"closed","ping_status":"closed","template":"","meta":{"footnotes":""},"class_list":["post-27","page","type-page","status-publish","hentry"],"yoast_head":"<!-- This site is optimized with the Yoast SEO plugin v27.5 - https:\/\/yoast.com\/product\/yoast-seo-wordpress\/ -->\n<title>Legislation Covering Gestational Surrogacy for Gay Couples<\/title>\n<meta name=\"description\" content=\"Legal ways to have surrogacy solutions for gay couples in multiple destinations around the world. Gestational Surrogacy for Gay available with egg donation.\" \/>\n<meta name=\"robots\" content=\"index, follow, max-snippet:-1, max-image-preview:large, max-video-preview:-1\" \/>\n<link rel=\"canonical\" href=\"https:\/\/www.surrogacyforgay.com\/es\/legislacion\/\" \/>\n<meta property=\"og:locale\" content=\"en_US\" \/>\n<meta property=\"og:type\" content=\"article\" \/>\n<meta property=\"og:title\" content=\"Legislation Covering Gestational Surrogacy for Gay Couples\" \/>\n<meta property=\"og:description\" content=\"Legal ways to have surrogacy solutions for gay couples in multiple destinations around the world. Gestational Surrogacy for Gay available with egg donation.\" \/>\n<meta property=\"og:url\" content=\"https:\/\/www.surrogacyforgay.com\/es\/legislacion\/\" \/>\n<meta property=\"og:site_name\" content=\"Surrogacy for Gay ES\" \/>\n<meta property=\"article:modified_time\" content=\"2018-02-10T05:37:20+00:00\" \/>\n<meta property=\"og:image\" content=\"https:\/\/www.surrogacyforgay.com\/wp-content\/uploads\/legislation.jpg\" \/>\n<meta name=\"twitter:card\" content=\"summary_large_image\" \/>\n<meta name=\"twitter:label1\" content=\"Est. reading time\" \/>\n\t<meta name=\"twitter:data1\" content=\"1 minute\" \/>\n<!-- \/ Yoast SEO plugin. -->","yoast_head_json":{"title":"Legislation Covering Gestational Surrogacy for Gay Couples","description":"Legal ways to have surrogacy solutions for gay couples in multiple destinations around the world. Gestational Surrogacy for Gay available with egg donation.","robots":{"index":"index","follow":"follow","max-snippet":"max-snippet:-1","max-image-preview":"max-image-preview:large","max-video-preview":"max-video-preview:-1"},"canonical":"https:\/\/www.surrogacyforgay.com\/es\/legislacion\/","og_locale":"en_US","og_type":"article","og_title":"Legislation Covering Gestational Surrogacy for Gay Couples","og_description":"Legal ways to have surrogacy solutions for gay couples in multiple destinations around the world. Gestational Surrogacy for Gay available with egg donation.","og_url":"https:\/\/www.surrogacyforgay.com\/es\/legislacion\/","og_site_name":"Surrogacy for Gay ES","article_modified_time":"2018-02-10T05:37:20+00:00","og_image":[{"url":"https:\/\/www.surrogacyforgay.com\/wp-content\/uploads\/legislation.jpg","type":"","width":"","height":""}],"twitter_card":"summary_large_image","twitter_misc":{"Est. reading time":"1 minute"},"schema":{"@context":"https:\/\/schema.org","@graph":[{"@type":"WebPage","@id":"https:\/\/www.surrogacyforgay.com\/es\/legislacion\/","url":"https:\/\/www.surrogacyforgay.com\/es\/legislacion\/","name":"Legislation Covering Gestational Surrogacy for Gay Couples","isPartOf":{"@id":"https:\/\/www.surrogacyforgay.com\/es\/#website"},"datePublished":"2017-07-03T05:26:49+00:00","dateModified":"2018-02-10T05:37:20+00:00","description":"Legal ways to have surrogacy solutions for gay couples in multiple destinations around the world. Gestational Surrogacy for Gay available with egg donation.","breadcrumb":{"@id":"https:\/\/www.surrogacyforgay.com\/es\/legislacion\/#breadcrumb"},"inLanguage":"en-US","potentialAction":[{"@type":"ReadAction","target":["https:\/\/www.surrogacyforgay.com\/es\/legislacion\/"]}]},{"@type":"BreadcrumbList","@id":"https:\/\/www.surrogacyforgay.com\/es\/legislacion\/#breadcrumb","itemListElement":[{"@type":"ListItem","position":1,"name":"Home","item":"https:\/\/www.surrogacyforgay.com\/es\/"},{"@type":"ListItem","position":2,"name":"Legislaci\u00f3n"}]},{"@type":"WebSite","@id":"https:\/\/www.surrogacyforgay.com\/es\/#website","url":"https:\/\/www.surrogacyforgay.com\/es\/","name":"Surrogacy for Gay ES","description":"Gay Surrogacy Agency","potentialAction":[{"@type":"SearchAction","target":{"@type":"EntryPoint","urlTemplate":"https:\/\/www.surrogacyforgay.com\/es\/?s={search_term_string}"},"query-input":{"@type":"PropertyValueSpecification","valueRequired":true,"valueName":"search_term_string"}}],"inLanguage":"en-US"}]}},"_links":{"self":[{"href":"https:\/\/www.surrogacyforgay.com\/es\/wp-json\/wp\/v2\/pages\/27","targetHints":{"allow":["GET"]}}],"collection":[{"href":"https:\/\/www.surrogacyforgay.com\/es\/wp-json\/wp\/v2\/pages"}],"about":[{"href":"https:\/\/www.surrogacyforgay.com\/es\/wp-json\/wp\/v2\/types\/page"}],"author":[{"embeddable":true,"href":"https:\/\/www.surrogacyforgay.com\/es\/wp-json\/wp\/v2\/users\/1"}],"replies":[{"embeddable":true,"href":"https:\/\/www.surrogacyforgay.com\/es\/wp-json\/wp\/v2\/comments?post=27"}],"version-history":[{"count":2,"href":"https:\/\/www.surrogacyforgay.com\/es\/wp-json\/wp\/v2\/pages\/27\/revisions"}],"predecessor-version":[{"id":295,"href":"https:\/\/www.surrogacyforgay.com\/es\/wp-json\/wp\/v2\/pages\/27\/revisions\/295"}],"wp:attachment":[{"href":"https:\/\/www.surrogacyforgay.com\/es\/wp-json\/wp\/v2\/media?parent=27"}],"curies":[{"name":"wp","href":"https:\/\/api.w.org\/{rel}","templated":true}]}}