{"id":17,"date":"2017-07-03T05:24:46","date_gmt":"2017-07-03T05:24:46","guid":{"rendered":"http:\/\/www.surrogacyforgay.com\/?page_id=17"},"modified":"2017-11-02T10:48:48","modified_gmt":"2017-11-02T10:48:48","slug":"a-propos-de-nous","status":"publish","type":"page","link":"https:\/\/www.surrogacyforgay.com\/fr\/a-propos-de-nous\/","title":{"rendered":"A propos de Nous"},"content":{"rendered":"<h2>A propos de Nous<\/h2>\n<p>Surrogacy For Gay est une soci\u00e9t\u00e9 filiale du r\u00e9seau Surrogacy Global Network. Notre but est d\u2019offrir aux futurs parents gays des destinations pour la gestation pour autrui abordables et conviviales.  L\u2019id\u00e9e de contribuer au bonheur et \u00e0 l\u2019extension de nombreuses familles, en nous tenant \u00e0 leurs c\u00f4t\u00e9s dans les moments difficiles comme \u00e9lectrisants, nous apporte la plus grande joie! Nous avons d\u2019ores et d\u00e9j\u00e0 aid\u00e9 plus de 2.800 familles gays \u00e0 travers le monde et continuerons \u00e0 offrir notre aide et un soutien sans r\u00e9serve.<\/p>\n<div class=\"row\">\n<div class=\"col-md-6\">\nTout au long de notre existence, nous avons connu de nombreux obstacles et difficult\u00e9s. Nous n\u2019avons pas toujours \u00e9t\u00e9 parfaits, mais nous avons appris de nos erreurs. L\u2019exp\u00e9rience que nous avons gagn\u00e9e est le r\u00e9sultat d\u2019un d\u00e9veloppement et d\u2019une adaptation continue aux besoins des futurs parents.<br \/>\nIl y a une chose que nous pouvons dire avec certitude \u2013 une fois que vous nous avez rejoints, nous ne laissons aucun de nos patients partir sans leur(s) ch\u00e9rubin(s).\n    <\/div>\n<div class=\"col-md-6 margin-bottom-sm\">\n        <img decoding=\"async\" src=\"\/wp-content\/uploads\/our-story.jpg\" alt=\"Gay surrogacy agency\" class=\"img-responsive\" \/>\n    <\/div>\n<\/div>\n<h2>Notre mission<\/h2>\n<p>En raison des co\u00fbts \u00e9lev\u00e9s, un bon nombre de couples gays n\u2019a pas les moyens de s\u2019offrir  la gestation pour autrui aux Etats-Unis. Toutefois, il existe un nombre important d\u2019alternatives qui sont \u00e0 la fois qualitatives et avantageuses financi\u00e8rement. Surrogacy For Gay s\u2019attache \u00e0 offrir des services de qualit\u00e9 sup\u00e9rieure vers les destinations les plus abordables et les plus appropri\u00e9es.<br \/>\nLe chemin vers la parentalit\u00e9 est passionnant. La gestation pour autrui apporte des \u00e9motions vari\u00e9es et mixtes. Surrogacy For Gay standardise et offre un type de travail op\u00e9rationnel organis\u00e9. Il est tr\u00e8s important de s\u2019attaquer \u00e0 toutes les questions de fa\u00e7on opportune et de prot\u00e9ger les futurs parents des inqui\u00e9tudes, fardeaux, impr\u00e9vus et de retards suppl\u00e9mentaires.<br \/>\nDans le monde de la l\u00e9gislation, la gestation pour autrui est un domaine relativement nouveau et est sujet \u00e0 de fr\u00e9quents changements. Avec notre \u00e9quipe d\u2019avocats et de professionnels exp\u00e9riment\u00e9s, Surrogacy For Gay travaillera toujours activement pour \u00e9viter tout probl\u00e8me juridique possible.<br \/>\nLe stress li\u00e9 aux facteurs sociaux (comme l\u2019homophobie) peut parfois affecter la d\u00e9termination et la motivation des futurs parents. Surrogacy For Gay est l\u00e0 pour fournir non seulement une aide m\u00e9dicale et juridique, mais aussi un soutien moral.<\/p>\n<h2>Tout au long de l\u2019existence de notre famille pour la gestation pour autrui:<\/h2>\n<ul>\n<li>\nNous n\u2019avons jamais eu de nouveau-n\u00e9s pr\u00e9sentant d\u2019anomalies g\u00e9n\u00e9tiques\n<\/li>\n<li>\nLes m\u00e8res porteuses n\u2019ont jamais cherch\u00e9 \u00e0 pr\u00e9tendre \u00e0 des droits parentaux\n<\/li>\n<li>\nMalgr\u00e9 la nature \u00e9volutive de la l\u00e9gislation de la gestation pour autrui et plus de 7.000 b\u00e9b\u00e9s issus de la gestation pour autrui\/don d\u2019ovules, les parents n\u2019ont jamais exp\u00e9riment\u00e9 de probl\u00e8me en quittant le pays de la m\u00e8re porteuse\n<\/li>\n<li>\nNous n\u2019avons jamais eu de m\u00e8re porteuse qui  n\u2019ait re\u00e7u de soutien de la famille, ne se soit sentie abandonn\u00e9e ou mal \u00e0 l\u2019aise pendant le programme\n<\/li>\n<li>\nJamais une m\u00e8re porteuse n\u2019est d\u00e9c\u00e9d\u00e9e \u00e0 l\u2019accouchement\n<\/li>\n<li>\nJamais une m\u00e8re porteuse n\u2019a consomm\u00e9 de drogue, alcool ou de cigarettes pendant sa grossesse\n<\/li>\n<li>\nNous n\u2019avons jamais \u00e9t\u00e9 poursuivis en justice \u2013 nous nous acquittons des responsabilit\u00e9s contractuelles dans les temps en tant que priorit\u00e9\n<\/li>\n<\/ul>\n<p>Gr\u00e2ce \u00e0 notre d\u00e9vouement, nous sommes extr\u00eamement flatt\u00e9s de voir un nombre de patients qui reviennent, souhaitant agrandir leur famille. Surrogacy For Gay est \u00e0 la disposition de couples homosexuels et sommes heureux de contribuer \u00e0 faire grandir leurs familles.<\/p>\n<div class=\"row\">\n<div class=\"col-md-8 col-md-offset-2 margin-top-lg margin-bottom-lg\">\n<div class=\"transparent-orange-dark\">\n<h3 class=\"text-white text-center no-margin-top padding-sm\">Un taux de Succ\u00e8s Garanti pour la Gestation pour autrui<\/h3>\n<\/div>\n<div class=\"bg-lightgray text-center padding-md\">\n<button class=\"btn btn-lg btn-nl-inv cm\" data-toggle=\"modal\" data-target=\"#mb\" type=\"button\">Contactez-nous maintenant<\/button> <a href=\"\/fr\/le-don-dovules\/\" class=\"btn btn-lg btn-nl-orange\">En savoir plus<\/a>\n<\/div>\n<\/div>\n<\/div>\n","protected":false},"excerpt":{"rendered":"<p>A propos de Nous Surrogacy For Gay est une soci\u00e9t\u00e9 filiale du r\u00e9seau Surrogacy Global Network. Notre but est d\u2019offrir aux futurs parents gays des destinations pour la gestation pour autrui abordables et conviviales. L\u2019id\u00e9e de contribuer au bonheur et \u00e0 l\u2019extension de nombreuses familles, en nous tenant \u00e0 leurs c\u00f4t\u00e9s dans les moments difficiles [&hellip;]<\/p>\n","protected":false},"author":1,"featured_media":0,"parent":0,"menu_order":0,"comment_status":"closed","ping_status":"closed","template":"","meta":{"footnotes":""},"class_list":["post-17","page","type-page","status-publish","hentry"],"yoast_head":"<!-- This site is optimized with the Yoast SEO plugin v27.5 - https:\/\/yoast.com\/product\/yoast-seo-wordpress\/ -->\n<title>Solutions de la gestation pour autrui pour les homosexuels<\/title>\n<meta name=\"description\" content=\"Solutions de la gestation pour autrui pour les homosexuels en multi-destination &amp; LGBT (Lesbiennes, Gays, Bisexuels et Transgenres) parents. La gestation pour autrui pour les homosexuels est possible avec le don d\u2019ovules.\" \/>\n<meta name=\"robots\" content=\"index, follow, max-snippet:-1, max-image-preview:large, max-video-preview:-1\" \/>\n<link rel=\"canonical\" href=\"https:\/\/www.surrogacyforgay.com\/fr\/a-propos-de-nous\/\" \/>\n<meta property=\"og:locale\" content=\"en_US\" \/>\n<meta property=\"og:type\" content=\"article\" \/>\n<meta property=\"og:title\" content=\"Solutions de la gestation pour autrui pour les homosexuels\" \/>\n<meta property=\"og:description\" content=\"Solutions de la gestation pour autrui pour les homosexuels en multi-destination &amp; LGBT (Lesbiennes, Gays, Bisexuels et Transgenres) parents. La gestation pour autrui pour les homosexuels est possible avec le don d\u2019ovules.\" \/>\n<meta property=\"og:url\" content=\"https:\/\/www.surrogacyforgay.com\/fr\/a-propos-de-nous\/\" \/>\n<meta property=\"og:site_name\" content=\"Surrogacy for Gay\" \/>\n<meta property=\"article:modified_time\" content=\"2017-11-02T10:48:48+00:00\" \/>\n<meta property=\"og:image\" content=\"https:\/\/www.surrogacyforgay.com\/wp-content\/uploads\/our-story.jpg\" \/>\n<meta name=\"twitter:card\" content=\"summary_large_image\" \/>\n<meta name=\"twitter:label1\" content=\"Est. reading time\" \/>\n\t<meta name=\"twitter:data1\" content=\"3 minutes\" \/>\n<!-- \/ Yoast SEO plugin. -->","yoast_head_json":{"title":"Solutions de la gestation pour autrui pour les homosexuels","description":"Solutions de la gestation pour autrui pour les homosexuels en multi-destination & LGBT (Lesbiennes, Gays, Bisexuels et Transgenres) parents. La gestation pour autrui pour les homosexuels est possible avec le don d\u2019ovules.","robots":{"index":"index","follow":"follow","max-snippet":"max-snippet:-1","max-image-preview":"max-image-preview:large","max-video-preview":"max-video-preview:-1"},"canonical":"https:\/\/www.surrogacyforgay.com\/fr\/a-propos-de-nous\/","og_locale":"en_US","og_type":"article","og_title":"Solutions de la gestation pour autrui pour les homosexuels","og_description":"Solutions de la gestation pour autrui pour les homosexuels en multi-destination & LGBT (Lesbiennes, Gays, Bisexuels et Transgenres) parents. La gestation pour autrui pour les homosexuels est possible avec le don d\u2019ovules.","og_url":"https:\/\/www.surrogacyforgay.com\/fr\/a-propos-de-nous\/","og_site_name":"Surrogacy for Gay","article_modified_time":"2017-11-02T10:48:48+00:00","og_image":[{"url":"https:\/\/www.surrogacyforgay.com\/wp-content\/uploads\/our-story.jpg","type":"","width":"","height":""}],"twitter_card":"summary_large_image","twitter_misc":{"Est. reading time":"3 minutes"},"schema":{"@context":"https:\/\/schema.org","@graph":[{"@type":"WebPage","@id":"https:\/\/www.surrogacyforgay.com\/fr\/a-propos-de-nous\/","url":"https:\/\/www.surrogacyforgay.com\/fr\/a-propos-de-nous\/","name":"Solutions de la gestation pour autrui pour les homosexuels","isPartOf":{"@id":"https:\/\/www.surrogacyforgay.com\/fr\/#website"},"datePublished":"2017-07-03T05:24:46+00:00","dateModified":"2017-11-02T10:48:48+00:00","description":"Solutions de la gestation pour autrui pour les homosexuels en multi-destination & LGBT (Lesbiennes, Gays, Bisexuels et Transgenres) parents. La gestation pour autrui pour les homosexuels est possible avec le don d\u2019ovules.","breadcrumb":{"@id":"https:\/\/www.surrogacyforgay.com\/fr\/a-propos-de-nous\/#breadcrumb"},"inLanguage":"en-US","potentialAction":[{"@type":"ReadAction","target":["https:\/\/www.surrogacyforgay.com\/fr\/a-propos-de-nous\/"]}]},{"@type":"BreadcrumbList","@id":"https:\/\/www.surrogacyforgay.com\/fr\/a-propos-de-nous\/#breadcrumb","itemListElement":[{"@type":"ListItem","position":1,"name":"Home","item":"https:\/\/www.surrogacyforgay.com\/fr\/"},{"@type":"ListItem","position":2,"name":"A propos de Nous"}]},{"@type":"WebSite","@id":"https:\/\/www.surrogacyforgay.com\/fr\/#website","url":"https:\/\/www.surrogacyforgay.com\/fr\/","name":"Surrogacy for Gay","description":"Gay Surrogacy Agency","potentialAction":[{"@type":"SearchAction","target":{"@type":"EntryPoint","urlTemplate":"https:\/\/www.surrogacyforgay.com\/fr\/?s={search_term_string}"},"query-input":{"@type":"PropertyValueSpecification","valueRequired":true,"valueName":"search_term_string"}}],"inLanguage":"en-US"}]}},"_links":{"self":[{"href":"https:\/\/www.surrogacyforgay.com\/fr\/wp-json\/wp\/v2\/pages\/17","targetHints":{"allow":["GET"]}}],"collection":[{"href":"https:\/\/www.surrogacyforgay.com\/fr\/wp-json\/wp\/v2\/pages"}],"about":[{"href":"https:\/\/www.surrogacyforgay.com\/fr\/wp-json\/wp\/v2\/types\/page"}],"author":[{"embeddable":true,"href":"https:\/\/www.surrogacyforgay.com\/fr\/wp-json\/wp\/v2\/users\/1"}],"replies":[{"embeddable":true,"href":"https:\/\/www.surrogacyforgay.com\/fr\/wp-json\/wp\/v2\/comments?post=17"}],"version-history":[{"count":6,"href":"https:\/\/www.surrogacyforgay.com\/fr\/wp-json\/wp\/v2\/pages\/17\/revisions"}],"predecessor-version":[{"id":294,"href":"https:\/\/www.surrogacyforgay.com\/fr\/wp-json\/wp\/v2\/pages\/17\/revisions\/294"}],"wp:attachment":[{"href":"https:\/\/www.surrogacyforgay.com\/fr\/wp-json\/wp\/v2\/media?parent=17"}],"curies":[{"name":"wp","href":"https:\/\/api.w.org\/{rel}","templated":true}]}}