{"id":19,"date":"2017-07-03T05:25:09","date_gmt":"2017-07-03T05:25:09","guid":{"rendered":"http:\/\/www.surrogacyforgay.com\/?page_id=19"},"modified":"2017-11-02T10:48:37","modified_gmt":"2017-11-02T10:48:37","slug":"la-gestation-pour-autrui-au-laos","status":"publish","type":"page","link":"https:\/\/www.surrogacyforgay.com\/fr\/la-gestation-pour-autrui-au-laos\/","title":{"rendered":"La gestation pour autrui au Laos"},"content":{"rendered":"<h2>La gestation pour autrui au Laos<\/h2>\n<div class=\"row\">\n<div class=\"col-md-7\">\nLa loi laotienne n\u2019interdit ni ne promeut jamais la gestation pour autrui. Comme le pays est une destination populaire \u00e9mergente pour la gestation pour autrui, un nombre de cliniques de f\u00e9condation in vitro (FIV) op\u00e8rent et offrent des programmes sur place. C\u2019est aussi le cas de Surrogacy For Gay.<br \/>\nNous avons commenc\u00e9 \u00e0 proposer des programmes au Laos apr\u00e8s l\u2019interdiction de la gestation pour autrui au  Cambodge. L\u00e0, nous avions d\u00e9j\u00e0 un certain nombre de parents gay accomplis, attendant que leurs beaux b\u00e9b\u00e9s viennent au monde. Nos coordinateurs accompagnent nos patients au Laos et fournissent aide et soutien sur tous les aspects.\n    <\/div>\n<div class=\"col-md-5 margin-bottom-sm\">\n        <img decoding=\"async\" src=\"\/wp-content\/uploads\/laos-surrogacy.jpg\" alt=\"Surrogacy in Laos\" class=\"img-responsive\" \/>\n    <\/div>\n<\/div>\n<p>La clinique de F\u00e9condation elle-m\u00eame est d\u00e9tenue par des propri\u00e9taires tha\u00eflandais et australiens. Gr\u00e2ce \u00e0 leur exp\u00e9rience dans le domaine, la clinique atteint des taux de r\u00e9ussite remarquables.<\/p>\n<div class=\"row\">\n<div class=\"col-md-5 margin-bottom-sm\">\n        <img decoding=\"async\" src=\"\/wp-content\/uploads\/laos-surrogacy-2.jpg\" alt=\"Surrogacy services in Laos\" class=\"img-responsive\" \/>\n    <\/div>\n<div class=\"col-md-7\">\nLa gestation pour autrui au Laos est accessible aux parents en devenir sur toute la plan\u00e8te et offre des avantages financi\u00e8rement. Les sp\u00e9cialistes dans les cliniques de gestation pour autrui sont tr\u00e8s hospitaliers, solidaires et serviables. L\u2019absence de restriction fait de ce pays une destination parfaite pour la gestation pour autrui pour les parents gay d\u00e9sireux de fonder une famille. De plus, l\u2019opportunit\u00e9 est donn\u00e9e \u00e0 Surrogacy For Gay de r\u00e9pondre aux besoins individuels de nos patients de mani\u00e8re tr\u00e8s flexible.\n    <\/div>\n<\/div>\n<div class=\"row\">\n<div class=\"col-md-8 col-md-offset-2 margin-top-lg margin-bottom-lg\">\n<div class=\"transparent-orange-dark\">\n<h3 class=\"text-white text-center no-margin-top padding-sm\">Un taux de Succ\u00e8s Garanti pour la Gestation pour autrui<\/h3>\n<\/div>\n<div class=\"bg-lightgray text-center padding-md\">\n<button class=\"btn btn-lg btn-nl-inv cm\" data-toggle=\"modal\" data-target=\"#mb\" type=\"button\">Contactez-nous maintenant<\/button> <a href=\"\/fr\/reglementation\/\" class=\"btn btn-lg btn-nl-orange\">En savoir plus<\/a>\n<\/div>\n<\/div>\n<\/div>\n","protected":false},"excerpt":{"rendered":"<p>La gestation pour autrui au Laos La loi laotienne n\u2019interdit ni ne promeut jamais la gestation pour autrui. Comme le pays est une destination populaire \u00e9mergente pour la gestation pour autrui, un nombre de cliniques de f\u00e9condation in vitro (FIV) op\u00e8rent et offrent des programmes sur place. C\u2019est aussi le cas de Surrogacy For Gay. [&hellip;]<\/p>\n","protected":false},"author":1,"featured_media":0,"parent":0,"menu_order":0,"comment_status":"closed","ping_status":"closed","template":"","meta":{"footnotes":""},"class_list":["post-19","page","type-page","status-publish","hentry"],"yoast_head":"<!-- This site is optimized with the Yoast SEO plugin v27.6 - https:\/\/yoast.com\/product\/yoast-seo-wordpress\/ -->\n<title>La gestation pour autrui pour les homosexuels au Laos et quelques autres destinations conviviales pour les homosexuels<\/title>\n<meta name=\"description\" content=\"La gestation pour autrui au Laos (ou encore autres plusieurs destinations) pour les couples homosexuels et LGBT parents. La gestation pour autrui pour les homosexuels est possible avec le don d\u2019ovules\" \/>\n<meta name=\"robots\" content=\"index, follow, max-snippet:-1, max-image-preview:large, max-video-preview:-1\" \/>\n<link rel=\"canonical\" href=\"https:\/\/www.surrogacyforgay.com\/fr\/la-gestation-pour-autrui-au-laos\/\" \/>\n<meta property=\"og:locale\" content=\"en_US\" \/>\n<meta property=\"og:type\" content=\"article\" \/>\n<meta property=\"og:title\" content=\"La gestation pour autrui pour les homosexuels au Laos et quelques autres destinations conviviales pour les homosexuels\" \/>\n<meta property=\"og:description\" content=\"La gestation pour autrui au Laos (ou encore autres plusieurs destinations) pour les couples homosexuels et LGBT parents. La gestation pour autrui pour les homosexuels est possible avec le don d\u2019ovules\" \/>\n<meta property=\"og:url\" content=\"https:\/\/www.surrogacyforgay.com\/fr\/la-gestation-pour-autrui-au-laos\/\" \/>\n<meta property=\"og:site_name\" content=\"Surrogacy for Gay\" \/>\n<meta property=\"article:modified_time\" content=\"2017-11-02T10:48:37+00:00\" \/>\n<meta property=\"og:image\" content=\"https:\/\/www.surrogacyforgay.com\/wp-content\/uploads\/laos-surrogacy.jpg\" \/>\n<meta name=\"twitter:card\" content=\"summary_large_image\" \/>\n<meta name=\"twitter:label1\" content=\"Est. reading time\" \/>\n\t<meta name=\"twitter:data1\" content=\"1 minute\" \/>\n<!-- \/ Yoast SEO plugin. -->","yoast_head_json":{"title":"La gestation pour autrui pour les homosexuels au Laos et quelques autres destinations conviviales pour les homosexuels","description":"La gestation pour autrui au Laos (ou encore autres plusieurs destinations) pour les couples homosexuels et LGBT parents. La gestation pour autrui pour les homosexuels est possible avec le don d\u2019ovules","robots":{"index":"index","follow":"follow","max-snippet":"max-snippet:-1","max-image-preview":"max-image-preview:large","max-video-preview":"max-video-preview:-1"},"canonical":"https:\/\/www.surrogacyforgay.com\/fr\/la-gestation-pour-autrui-au-laos\/","og_locale":"en_US","og_type":"article","og_title":"La gestation pour autrui pour les homosexuels au Laos et quelques autres destinations conviviales pour les homosexuels","og_description":"La gestation pour autrui au Laos (ou encore autres plusieurs destinations) pour les couples homosexuels et LGBT parents. La gestation pour autrui pour les homosexuels est possible avec le don d\u2019ovules","og_url":"https:\/\/www.surrogacyforgay.com\/fr\/la-gestation-pour-autrui-au-laos\/","og_site_name":"Surrogacy for Gay","article_modified_time":"2017-11-02T10:48:37+00:00","og_image":[{"url":"https:\/\/www.surrogacyforgay.com\/wp-content\/uploads\/laos-surrogacy.jpg","type":"","width":"","height":""}],"twitter_card":"summary_large_image","twitter_misc":{"Est. reading time":"1 minute"},"schema":{"@context":"https:\/\/schema.org","@graph":[{"@type":"WebPage","@id":"https:\/\/www.surrogacyforgay.com\/fr\/la-gestation-pour-autrui-au-laos\/","url":"https:\/\/www.surrogacyforgay.com\/fr\/la-gestation-pour-autrui-au-laos\/","name":"La gestation pour autrui pour les homosexuels au Laos et quelques autres destinations conviviales pour les homosexuels","isPartOf":{"@id":"https:\/\/www.surrogacyforgay.com\/fr\/#website"},"datePublished":"2017-07-03T05:25:09+00:00","dateModified":"2017-11-02T10:48:37+00:00","description":"La gestation pour autrui au Laos (ou encore autres plusieurs destinations) pour les couples homosexuels et LGBT parents. La gestation pour autrui pour les homosexuels est possible avec le don d\u2019ovules","breadcrumb":{"@id":"https:\/\/www.surrogacyforgay.com\/fr\/la-gestation-pour-autrui-au-laos\/#breadcrumb"},"inLanguage":"en-US","potentialAction":[{"@type":"ReadAction","target":["https:\/\/www.surrogacyforgay.com\/fr\/la-gestation-pour-autrui-au-laos\/"]}]},{"@type":"BreadcrumbList","@id":"https:\/\/www.surrogacyforgay.com\/fr\/la-gestation-pour-autrui-au-laos\/#breadcrumb","itemListElement":[{"@type":"ListItem","position":1,"name":"Home","item":"https:\/\/www.surrogacyforgay.com\/fr\/"},{"@type":"ListItem","position":2,"name":"La gestation pour autrui au Laos"}]},{"@type":"WebSite","@id":"https:\/\/www.surrogacyforgay.com\/fr\/#website","url":"https:\/\/www.surrogacyforgay.com\/fr\/","name":"Surrogacy for Gay","description":"Gay Surrogacy Agency","potentialAction":[{"@type":"SearchAction","target":{"@type":"EntryPoint","urlTemplate":"https:\/\/www.surrogacyforgay.com\/fr\/?s={search_term_string}"},"query-input":{"@type":"PropertyValueSpecification","valueRequired":true,"valueName":"search_term_string"}}],"inLanguage":"en-US"}]}},"_links":{"self":[{"href":"https:\/\/www.surrogacyforgay.com\/fr\/wp-json\/wp\/v2\/pages\/19","targetHints":{"allow":["GET"]}}],"collection":[{"href":"https:\/\/www.surrogacyforgay.com\/fr\/wp-json\/wp\/v2\/pages"}],"about":[{"href":"https:\/\/www.surrogacyforgay.com\/fr\/wp-json\/wp\/v2\/types\/page"}],"author":[{"embeddable":true,"href":"https:\/\/www.surrogacyforgay.com\/fr\/wp-json\/wp\/v2\/users\/1"}],"replies":[{"embeddable":true,"href":"https:\/\/www.surrogacyforgay.com\/fr\/wp-json\/wp\/v2\/comments?post=19"}],"version-history":[{"count":4,"href":"https:\/\/www.surrogacyforgay.com\/fr\/wp-json\/wp\/v2\/pages\/19\/revisions"}],"predecessor-version":[{"id":327,"href":"https:\/\/www.surrogacyforgay.com\/fr\/wp-json\/wp\/v2\/pages\/19\/revisions\/327"}],"wp:attachment":[{"href":"https:\/\/www.surrogacyforgay.com\/fr\/wp-json\/wp\/v2\/media?parent=19"}],"curies":[{"name":"wp","href":"https:\/\/api.w.org\/{rel}","templated":true}]}}