{"id":21,"date":"2017-07-03T05:25:31","date_gmt":"2017-07-03T05:25:31","guid":{"rendered":"http:\/\/www.surrogacyforgay.com\/?page_id=21"},"modified":"2017-11-02T10:49:46","modified_gmt":"2017-11-02T10:49:46","slug":"les-meres-porteuses-au-kenya","status":"publish","type":"page","link":"https:\/\/www.surrogacyforgay.com\/fr\/les-meres-porteuses-au-kenya\/","title":{"rendered":"Les m\u00e8res porteuses au Kenya"},"content":{"rendered":"<h2>Les m\u00e8res porteuses au Kenya<\/h2>\n<p>Le Kenya ressort comme la destination de choix pour les p\u00e8res c\u00e9libataires.<br \/>\nCe qui rend le Kenya si populaire c\u2019est que la gestation pour autrui est compl\u00e8tement l\u00e9gale et abordable financi\u00e8rement. Depuis 2014, d\u2019apr\u00e8s la d\u00e9cision de la Haute Cour de Justice, une fois le contrat de gestation pour autrui sign\u00e9, les parents demandeurs se voient directement confi\u00e9s les droits parentaux.<br \/>\nAvant le transfert d\u2019embryon, un notaire doit enregistrer son approbation pour le contrat de gestation pour autrui aupr\u00e8s du Registre Public du Kenya \u2013 Huduma. Quant aux m\u00e8res porteuses, selon la loi k\u00e9nyenne, elles ne sont pas autoris\u00e9es \u00e0 avoir moins de 25 ans.<br \/>\nLa l\u00e9gislation du pays ne fait pas mention de la parentalit\u00e9 gay ou de gestation pour autrui pour gays. Dans l\u2019int\u00e9r\u00eat de l\u2019ex\u00e9cution de Bonnes Pratiques, les contrats de gestation pour autrui sont cr\u00e9\u00e9s entre la m\u00e8re porteuse et le futur p\u00e8re, qui sera consid\u00e9r\u00e9 comme un p\u00e8re c\u00e9libataire.<br \/>\nLe Kenya assure non seulement une expertise m\u00e9dicale mais c\u2019est aussi une destination touristique tr\u00e8s  populaire. A travers le continent, le Kenya est un des pays les plus s\u00fbrs, d\u00e9velopp\u00e9s et pittoresques. Ayant une position bien m\u00e9rit\u00e9e en t\u00eate dans la r\u00e9gion, c\u2019est certainement un grand avantage pour les futurs parents de voyager au Kenya.<\/p>\n<div class=\"row\">\n<div class=\"col-md-8 col-md-offset-2 margin-top-lg margin-bottom-lg\">\n<div class=\"transparent-orange-dark\">\n<h3 class=\"text-white text-center no-margin-top padding-sm\">Un taux de Succ\u00e8s Garanti pour la Gestation pour autrui<\/h3>\n<\/div>\n<div class=\"bg-lightgray text-center padding-md\">\n<button class=\"btn btn-lg btn-nl-inv cm\" data-toggle=\"modal\" data-target=\"#mb\" type=\"button\">Contactez-nous maintenant<\/button> <a href=\"\/fr\/\" class=\"btn btn-lg btn-nl-orange\">En savoir plus<\/a>\n<\/div>\n<\/div>\n<\/div>\n","protected":false},"excerpt":{"rendered":"<p>Les m\u00e8res porteuses au Kenya Le Kenya ressort comme la destination de choix pour les p\u00e8res c\u00e9libataires. Ce qui rend le Kenya si populaire c\u2019est que la gestation pour autrui est compl\u00e8tement l\u00e9gale et abordable financi\u00e8rement. Depuis 2014, d\u2019apr\u00e8s la d\u00e9cision de la Haute Cour de Justice, une fois le contrat de gestation pour autrui [&hellip;]<\/p>\n","protected":false},"author":1,"featured_media":0,"parent":0,"menu_order":0,"comment_status":"closed","ping_status":"closed","template":"","meta":{"footnotes":""},"class_list":["post-21","page","type-page","status-publish","hentry"],"yoast_head":"<!-- This site is optimized with the Yoast SEO plugin v27.3 - https:\/\/yoast.com\/product\/yoast-seo-wordpress\/ -->\n<title>La gestation pour autrui au Kenya pour les couples homosexuels ou c\u00e9libataires<\/title>\n<meta name=\"description\" content=\"La gestation pour autrui au Kenya (ou autres destinations) pour les homosexuels et LGBT parents. La gestation pour autrui pour les homosexuels est possible avec le don d\u2019ovules\" \/>\n<meta name=\"robots\" content=\"index, follow, max-snippet:-1, max-image-preview:large, max-video-preview:-1\" \/>\n<link rel=\"canonical\" href=\"https:\/\/www.surrogacyforgay.com\/fr\/les-meres-porteuses-au-kenya\/\" \/>\n<meta property=\"og:locale\" content=\"en_US\" \/>\n<meta property=\"og:type\" content=\"article\" \/>\n<meta property=\"og:title\" content=\"La gestation pour autrui au Kenya pour les couples homosexuels ou c\u00e9libataires\" \/>\n<meta property=\"og:description\" content=\"La gestation pour autrui au Kenya (ou autres destinations) pour les homosexuels et LGBT parents. La gestation pour autrui pour les homosexuels est possible avec le don d\u2019ovules\" \/>\n<meta property=\"og:url\" content=\"https:\/\/www.surrogacyforgay.com\/fr\/les-meres-porteuses-au-kenya\/\" \/>\n<meta property=\"og:site_name\" content=\"Surrogacy for Gay\" \/>\n<meta property=\"article:modified_time\" content=\"2017-11-02T10:49:46+00:00\" \/>\n<meta name=\"twitter:card\" content=\"summary_large_image\" \/>\n<meta name=\"twitter:label1\" content=\"Est. reading time\" \/>\n\t<meta name=\"twitter:data1\" content=\"1 minute\" \/>\n<!-- \/ Yoast SEO plugin. -->","yoast_head_json":{"title":"La gestation pour autrui au Kenya pour les couples homosexuels ou c\u00e9libataires","description":"La gestation pour autrui au Kenya (ou autres destinations) pour les homosexuels et LGBT parents. La gestation pour autrui pour les homosexuels est possible avec le don d\u2019ovules","robots":{"index":"index","follow":"follow","max-snippet":"max-snippet:-1","max-image-preview":"max-image-preview:large","max-video-preview":"max-video-preview:-1"},"canonical":"https:\/\/www.surrogacyforgay.com\/fr\/les-meres-porteuses-au-kenya\/","og_locale":"en_US","og_type":"article","og_title":"La gestation pour autrui au Kenya pour les couples homosexuels ou c\u00e9libataires","og_description":"La gestation pour autrui au Kenya (ou autres destinations) pour les homosexuels et LGBT parents. La gestation pour autrui pour les homosexuels est possible avec le don d\u2019ovules","og_url":"https:\/\/www.surrogacyforgay.com\/fr\/les-meres-porteuses-au-kenya\/","og_site_name":"Surrogacy for Gay","article_modified_time":"2017-11-02T10:49:46+00:00","twitter_card":"summary_large_image","twitter_misc":{"Est. reading time":"1 minute"},"schema":{"@context":"https:\/\/schema.org","@graph":[{"@type":"WebPage","@id":"https:\/\/www.surrogacyforgay.com\/fr\/les-meres-porteuses-au-kenya\/","url":"https:\/\/www.surrogacyforgay.com\/fr\/les-meres-porteuses-au-kenya\/","name":"La gestation pour autrui au Kenya pour les couples homosexuels ou c\u00e9libataires","isPartOf":{"@id":"https:\/\/www.surrogacyforgay.com\/fr\/#website"},"datePublished":"2017-07-03T05:25:31+00:00","dateModified":"2017-11-02T10:49:46+00:00","description":"La gestation pour autrui au Kenya (ou autres destinations) pour les homosexuels et LGBT parents. La gestation pour autrui pour les homosexuels est possible avec le don d\u2019ovules","breadcrumb":{"@id":"https:\/\/www.surrogacyforgay.com\/fr\/les-meres-porteuses-au-kenya\/#breadcrumb"},"inLanguage":"en-US","potentialAction":[{"@type":"ReadAction","target":["https:\/\/www.surrogacyforgay.com\/fr\/les-meres-porteuses-au-kenya\/"]}]},{"@type":"BreadcrumbList","@id":"https:\/\/www.surrogacyforgay.com\/fr\/les-meres-porteuses-au-kenya\/#breadcrumb","itemListElement":[{"@type":"ListItem","position":1,"name":"Home","item":"https:\/\/www.surrogacyforgay.com\/fr\/"},{"@type":"ListItem","position":2,"name":"Les m\u00e8res porteuses au Kenya"}]},{"@type":"WebSite","@id":"https:\/\/www.surrogacyforgay.com\/fr\/#website","url":"https:\/\/www.surrogacyforgay.com\/fr\/","name":"Surrogacy for Gay","description":"Gay Surrogacy Agency","potentialAction":[{"@type":"SearchAction","target":{"@type":"EntryPoint","urlTemplate":"https:\/\/www.surrogacyforgay.com\/fr\/?s={search_term_string}"},"query-input":{"@type":"PropertyValueSpecification","valueRequired":true,"valueName":"search_term_string"}}],"inLanguage":"en-US"}]}},"_links":{"self":[{"href":"https:\/\/www.surrogacyforgay.com\/fr\/wp-json\/wp\/v2\/pages\/21","targetHints":{"allow":["GET"]}}],"collection":[{"href":"https:\/\/www.surrogacyforgay.com\/fr\/wp-json\/wp\/v2\/pages"}],"about":[{"href":"https:\/\/www.surrogacyforgay.com\/fr\/wp-json\/wp\/v2\/types\/page"}],"author":[{"embeddable":true,"href":"https:\/\/www.surrogacyforgay.com\/fr\/wp-json\/wp\/v2\/users\/1"}],"replies":[{"embeddable":true,"href":"https:\/\/www.surrogacyforgay.com\/fr\/wp-json\/wp\/v2\/comments?post=21"}],"version-history":[{"count":4,"href":"https:\/\/www.surrogacyforgay.com\/fr\/wp-json\/wp\/v2\/pages\/21\/revisions"}],"predecessor-version":[{"id":331,"href":"https:\/\/www.surrogacyforgay.com\/fr\/wp-json\/wp\/v2\/pages\/21\/revisions\/331"}],"wp:attachment":[{"href":"https:\/\/www.surrogacyforgay.com\/fr\/wp-json\/wp\/v2\/media?parent=21"}],"curies":[{"name":"wp","href":"https:\/\/api.w.org\/{rel}","templated":true}]}}