{"id":23,"date":"2017-07-03T05:25:52","date_gmt":"2017-07-03T05:25:52","guid":{"rendered":"http:\/\/www.surrogacyforgay.com\/?page_id=23"},"modified":"2017-11-02T10:49:19","modified_gmt":"2017-11-02T10:49:19","slug":"la-gestation-pour-autrui-au-mexique","status":"publish","type":"page","link":"https:\/\/www.surrogacyforgay.com\/fr\/la-gestation-pour-autrui-au-mexique\/","title":{"rendered":"La gestation pour autrui au Mexique"},"content":{"rendered":"<h2>La gestation pour autrui au Mexique<\/h2>\n<div class=\"row\">\n<div class=\"col-md-7\">\nNotre \u00e9quipe mexicaine poss\u00e8de une exp\u00e9rience \u00e9tendue des services prodigu\u00e9s dans le cadre de la gestation pour autrui aux parents gays. Ils savent vous soutenir tout au long du processus en fonction de vos besoins en gardant vos pr\u00e9occupations en t\u00eate. Gr\u00e2ce \u00e0 son superbe climat, vous pourrez profiter de votre s\u00e9jour dans une des destinations les plus pris\u00e9es par les touristes sur le plan mondial tout en b\u00e9n\u00e9ficiant d\u2019un des meilleurs services de gestation pour autrui au monde.<\/p>\n<p>A Surrogacy for Gay, nous travaillons avec la clinique de Cancun In Vitro <a href=\"https:\/\/invitrocancun.com\">https:\/\/invitrocancun.com<\/a> , une clinque ax\u00e9e sur l\u2019Am\u00e9rique qui b\u00e9n\u00e9ficie d\u2019une excellente r\u00e9putation. Elle est \u00e9tablie dans une destination paradisiaque de Cancun.\n    <\/div>\n<div class=\"col-md-5 margin-bottom-sm\">\n        <img decoding=\"async\" src=\"\/wp-content\/uploads\/mexico-surrogacy-2.jpg\" alt=\"Surrogacy in Mexico\" class=\"img-responsive\" \/>\n    <\/div>\n<\/div>\n<div class=\"row\">\n<div class=\"col-md-4 margin-bottom-sm\">\n        <img decoding=\"async\" src=\"\/wp-content\/uploads\/mexico-surrogacy.jpg\" alt=\"Surrogacy in Mexico\" class=\"img-responsive\" \/>\n    <\/div>\n<div class=\"col-md-8\">\nNous avons choisi cet endroit pour sa beaut\u00e9 et sa tranquillit\u00e9 \u2013 l\u2019endroit id\u00e9al pour le voyage le plus important de votre vie.<\/p>\n<p>Une fois que les accords de gestation pour autrui ont \u00e9t\u00e9 interdits dans l\u2019\u00e9tat de Tabasco, tout le monde a assum\u00e9 qu\u2019ils seraient interdits dans tout le pays. A la place, comme aux Etats-Unis, les \u00e9tats sont gouvern\u00e9s s\u00e9par\u00e9ment avec leurs propres lois et coutumes juridiques, et les accords sur la gestation pour autrui sont rest\u00e9s disponibles dans tout le reste du pays.<\/p>\n<p>Le Mexique est une destination populaire pour les personnes qui cherchent des traitements de gestation pour autrui, combinant des co\u00fbts r\u00e9duits dans un environnement magnifique et un niveau de soin \u00e9lev\u00e9.\n    <\/p><\/div>\n<\/div>\n<div class=\"row\">\n<div class=\"col-md-8 col-md-offset-2 margin-top-lg margin-bottom-lg\">\n<div class=\"transparent-orange-dark\">\n<h3 class=\"text-white text-center no-margin-top padding-sm\">Un taux de Succ\u00e8s Garanti pour la Gestation pour autrui<\/h3>\n<\/div>\n<div class=\"bg-lightgray text-center padding-md\">\n<button class=\"btn btn-lg btn-nl-inv cm\" data-toggle=\"modal\" data-target=\"#mb\" type=\"button\">Contactez-nous maintenant<\/button> <a href=\"\/fr\/temoignages\/\" class=\"btn btn-lg btn-nl-orange\">En savoir plus<\/a>\n<\/div>\n<\/div>\n<\/div>\n","protected":false},"excerpt":{"rendered":"<p>La gestation pour autrui au Mexique Notre \u00e9quipe mexicaine poss\u00e8de une exp\u00e9rience \u00e9tendue des services prodigu\u00e9s dans le cadre de la gestation pour autrui aux parents gays. Ils savent vous soutenir tout au long du processus en fonction de vos besoins en gardant vos pr\u00e9occupations en t\u00eate. Gr\u00e2ce \u00e0 son superbe climat, vous pourrez profiter [&hellip;]<\/p>\n","protected":false},"author":1,"featured_media":0,"parent":0,"menu_order":0,"comment_status":"closed","ping_status":"closed","template":"","meta":{"footnotes":""},"class_list":["post-23","page","type-page","status-publish","hentry"],"yoast_head":"<!-- This site is optimized with the Yoast SEO plugin v27.6 - https:\/\/yoast.com\/product\/yoast-seo-wordpress\/ -->\n<title>Mexique, Destination pour la gestation pour autrui pour les homosexuels<\/title>\n<meta name=\"description\" content=\"La gestation pour autrui pour les couples homosexuels et LGBT est possible avec le don d\u2019ovules au Mexique ou encore autres destinations.\" \/>\n<meta name=\"robots\" content=\"index, follow, max-snippet:-1, max-image-preview:large, max-video-preview:-1\" \/>\n<link rel=\"canonical\" href=\"https:\/\/www.surrogacyforgay.com\/fr\/la-gestation-pour-autrui-au-mexique\/\" \/>\n<meta property=\"og:locale\" content=\"en_US\" \/>\n<meta property=\"og:type\" content=\"article\" \/>\n<meta property=\"og:title\" content=\"Mexique, Destination pour la gestation pour autrui pour les homosexuels\" \/>\n<meta property=\"og:description\" content=\"La gestation pour autrui pour les couples homosexuels et LGBT est possible avec le don d\u2019ovules au Mexique ou encore autres destinations.\" \/>\n<meta property=\"og:url\" content=\"https:\/\/www.surrogacyforgay.com\/fr\/la-gestation-pour-autrui-au-mexique\/\" \/>\n<meta property=\"og:site_name\" content=\"Surrogacy for Gay\" \/>\n<meta property=\"article:modified_time\" content=\"2017-11-02T10:49:19+00:00\" \/>\n<meta property=\"og:image\" content=\"https:\/\/www.surrogacyforgay.com\/wp-content\/uploads\/mexico-surrogacy-2.jpg\" \/>\n<meta name=\"twitter:card\" content=\"summary_large_image\" \/>\n<meta name=\"twitter:label1\" content=\"Est. reading time\" \/>\n\t<meta name=\"twitter:data1\" content=\"1 minute\" \/>\n<!-- \/ Yoast SEO plugin. -->","yoast_head_json":{"title":"Mexique, Destination pour la gestation pour autrui pour les homosexuels","description":"La gestation pour autrui pour les couples homosexuels et LGBT est possible avec le don d\u2019ovules au Mexique ou encore autres destinations.","robots":{"index":"index","follow":"follow","max-snippet":"max-snippet:-1","max-image-preview":"max-image-preview:large","max-video-preview":"max-video-preview:-1"},"canonical":"https:\/\/www.surrogacyforgay.com\/fr\/la-gestation-pour-autrui-au-mexique\/","og_locale":"en_US","og_type":"article","og_title":"Mexique, Destination pour la gestation pour autrui pour les homosexuels","og_description":"La gestation pour autrui pour les couples homosexuels et LGBT est possible avec le don d\u2019ovules au Mexique ou encore autres destinations.","og_url":"https:\/\/www.surrogacyforgay.com\/fr\/la-gestation-pour-autrui-au-mexique\/","og_site_name":"Surrogacy for Gay","article_modified_time":"2017-11-02T10:49:19+00:00","og_image":[{"url":"https:\/\/www.surrogacyforgay.com\/wp-content\/uploads\/mexico-surrogacy-2.jpg","type":"","width":"","height":""}],"twitter_card":"summary_large_image","twitter_misc":{"Est. reading time":"1 minute"},"schema":{"@context":"https:\/\/schema.org","@graph":[{"@type":"WebPage","@id":"https:\/\/www.surrogacyforgay.com\/fr\/la-gestation-pour-autrui-au-mexique\/","url":"https:\/\/www.surrogacyforgay.com\/fr\/la-gestation-pour-autrui-au-mexique\/","name":"Mexique, Destination pour la gestation pour autrui pour les homosexuels","isPartOf":{"@id":"https:\/\/www.surrogacyforgay.com\/fr\/#website"},"datePublished":"2017-07-03T05:25:52+00:00","dateModified":"2017-11-02T10:49:19+00:00","description":"La gestation pour autrui pour les couples homosexuels et LGBT est possible avec le don d\u2019ovules au Mexique ou encore autres destinations.","breadcrumb":{"@id":"https:\/\/www.surrogacyforgay.com\/fr\/la-gestation-pour-autrui-au-mexique\/#breadcrumb"},"inLanguage":"en-US","potentialAction":[{"@type":"ReadAction","target":["https:\/\/www.surrogacyforgay.com\/fr\/la-gestation-pour-autrui-au-mexique\/"]}]},{"@type":"BreadcrumbList","@id":"https:\/\/www.surrogacyforgay.com\/fr\/la-gestation-pour-autrui-au-mexique\/#breadcrumb","itemListElement":[{"@type":"ListItem","position":1,"name":"Home","item":"https:\/\/www.surrogacyforgay.com\/fr\/"},{"@type":"ListItem","position":2,"name":"La gestation pour autrui au Mexique"}]},{"@type":"WebSite","@id":"https:\/\/www.surrogacyforgay.com\/fr\/#website","url":"https:\/\/www.surrogacyforgay.com\/fr\/","name":"Surrogacy for Gay","description":"Gay Surrogacy Agency","potentialAction":[{"@type":"SearchAction","target":{"@type":"EntryPoint","urlTemplate":"https:\/\/www.surrogacyforgay.com\/fr\/?s={search_term_string}"},"query-input":{"@type":"PropertyValueSpecification","valueRequired":true,"valueName":"search_term_string"}}],"inLanguage":"en-US"}]}},"_links":{"self":[{"href":"https:\/\/www.surrogacyforgay.com\/fr\/wp-json\/wp\/v2\/pages\/23","targetHints":{"allow":["GET"]}}],"collection":[{"href":"https:\/\/www.surrogacyforgay.com\/fr\/wp-json\/wp\/v2\/pages"}],"about":[{"href":"https:\/\/www.surrogacyforgay.com\/fr\/wp-json\/wp\/v2\/types\/page"}],"author":[{"embeddable":true,"href":"https:\/\/www.surrogacyforgay.com\/fr\/wp-json\/wp\/v2\/users\/1"}],"replies":[{"embeddable":true,"href":"https:\/\/www.surrogacyforgay.com\/fr\/wp-json\/wp\/v2\/comments?post=23"}],"version-history":[{"count":4,"href":"https:\/\/www.surrogacyforgay.com\/fr\/wp-json\/wp\/v2\/pages\/23\/revisions"}],"predecessor-version":[{"id":329,"href":"https:\/\/www.surrogacyforgay.com\/fr\/wp-json\/wp\/v2\/pages\/23\/revisions\/329"}],"wp:attachment":[{"href":"https:\/\/www.surrogacyforgay.com\/fr\/wp-json\/wp\/v2\/media?parent=23"}],"curies":[{"name":"wp","href":"https:\/\/api.w.org\/{rel}","templated":true}]}}