{"id":25,"date":"2017-07-03T05:26:24","date_gmt":"2017-07-03T05:26:24","guid":{"rendered":"http:\/\/www.surrogacyforgay.com\/?page_id=25"},"modified":"2017-11-02T10:52:14","modified_gmt":"2017-11-02T10:52:14","slug":"le-don-dovules","status":"publish","type":"page","link":"https:\/\/www.surrogacyforgay.com\/fr\/le-don-dovules\/","title":{"rendered":"Le Don d\u2019Ovules"},"content":{"rendered":"<h2>Le Don d\u2019Ovules<\/h2>\n<p>Surrogacy for Gay est fier d\u2019avoir une des plus grandes bases de donn\u00e9es de donneuses d\u2019ovules o\u00f9 chaque donneuse est minutieusement filtr\u00e9e et personnellement interview\u00e9e.<\/p>\n<h3>Nous contr\u00f4lons de mani\u00e8re tr\u00e8s stricte que :<\/h3>\n<ul>\n<li>\nChaque donneuse soit m\u00e9dicalement filtr\u00e9e avec le plus grand soin.\n<\/li>\n<li>\nChaque donneuse d\u2019ovule soit interview\u00e9e personnellement.\n<\/li>\n<li>\nNous sommes en contact avec chaque donneuse d\u2019ovules r\u00e9guli\u00e8rement, mettons \u00e0 jour nos informations et nous assurons de leur disponibilit\u00e9.\n<\/li>\n<\/ul>\n<div class=\"row\">\n<div class=\"col-md-7\">\n<p>En termes de nationalit\u00e9 et d\u2019ethnicit\u00e9, nos bases de donn\u00e9es sont vari\u00e9es et incluent  des donneuses d\u2019ovules de G\u00e9orgie, Tha\u00eflande, Chine, Cor\u00e9e, Ukraine, Russie, Afrique du Sud et de Pologne. Il est d\u2019autant plus plaisant que de belles femmes puissent voyager vers toutes les destinations possibles et prodiguent leur aide si pr\u00e9cieuse.<\/p>\n<p>Des coordinateurs exp\u00e9riment\u00e9s dans chaque r\u00e9gion sont proches de chaque donneuse d\u2019ovules et de toute autre ressource n\u00e9cessaire pour la r\u00e9alisation et l\u2019accomplissement du programme.\n    <\/p><\/div>\n<div class=\"col-md-5 margin-bottom-sm\">\n        <img decoding=\"async\" src=\"\/wp-content\/uploads\/egg-donation.jpg\" alt=\"Egg Donation Service\" class=\"img-responsive\" \/>\n    <\/div>\n<\/div>\n<p>Toutes les questions des futurs parents homosexuels sont les bienvenues et quand ils le souhaitent, pour partager leurs besoins, d\u00e9sirs, pens\u00e9es. Nous serons l\u00e0 pour fournir toutes les explications en d\u00e9tail, les services et le soutien n\u00e9cessaires.<\/p>\n<div class=\"row\">\n<div class=\"col-md-8 col-md-offset-2 margin-top-lg margin-bottom-lg\">\n<div class=\"transparent-orange-dark\">\n<h3 class=\"text-white text-center no-margin-top padding-sm\">Un taux de Succ\u00e8s Garanti pour la Gestation pour autrui<\/h3>\n<\/div>\n<div class=\"bg-lightgray text-center padding-md\">\n<button class=\"btn btn-lg btn-nl-inv cm\" data-toggle=\"modal\" data-target=\"#mb\" type=\"button\">Contactez-nous maintenant<\/button> <a href=\"\/fr\/\" class=\"btn btn-lg btn-nl-orange\">En savoir plus<\/a>\n<\/div>\n<\/div>\n<\/div>\n","protected":false},"excerpt":{"rendered":"<p>Le Don d\u2019Ovules Surrogacy for Gay est fier d\u2019avoir une des plus grandes bases de donn\u00e9es de donneuses d\u2019ovules o\u00f9 chaque donneuse est minutieusement filtr\u00e9e et personnellement interview\u00e9e. Nous contr\u00f4lons de mani\u00e8re tr\u00e8s stricte que : Chaque donneuse soit m\u00e9dicalement filtr\u00e9e avec le plus grand soin. Chaque donneuse d\u2019ovule soit interview\u00e9e personnellement. Nous sommes en [&hellip;]<\/p>\n","protected":false},"author":1,"featured_media":0,"parent":0,"menu_order":0,"comment_status":"closed","ping_status":"closed","template":"","meta":{"footnotes":""},"class_list":["post-25","page","type-page","status-publish","hentry"],"yoast_head":"<!-- This site is optimized with the Yoast SEO plugin v27.4 - https:\/\/yoast.com\/product\/yoast-seo-wordpress\/ -->\n<title>La Gestation Pour Autrui Pour Homosexuels Avec Dons D\u2019ovules<\/title>\n<meta name=\"description\" content=\"La gestation pour autrui pour Homosexuels avec dons d\u2019ovules - la gestation pour autrui pour les couples homosexuels possible en multiples destinations.\" \/>\n<meta name=\"robots\" content=\"index, follow, max-snippet:-1, max-image-preview:large, max-video-preview:-1\" \/>\n<link rel=\"canonical\" href=\"https:\/\/www.surrogacyforgay.com\/fr\/le-don-dovules\/\" \/>\n<meta property=\"og:locale\" content=\"en_US\" \/>\n<meta property=\"og:type\" content=\"article\" \/>\n<meta property=\"og:title\" content=\"La Gestation Pour Autrui Pour Homosexuels Avec Dons D\u2019ovules\" \/>\n<meta property=\"og:description\" content=\"La gestation pour autrui pour Homosexuels avec dons d\u2019ovules - la gestation pour autrui pour les couples homosexuels possible en multiples destinations.\" \/>\n<meta property=\"og:url\" content=\"https:\/\/www.surrogacyforgay.com\/fr\/le-don-dovules\/\" \/>\n<meta property=\"og:site_name\" content=\"Surrogacy for Gay\" \/>\n<meta property=\"article:modified_time\" content=\"2017-11-02T10:52:14+00:00\" \/>\n<meta property=\"og:image\" content=\"https:\/\/www.surrogacyforgay.com\/wp-content\/uploads\/egg-donation.jpg\" \/>\n<meta name=\"twitter:card\" content=\"summary_large_image\" \/>\n<meta name=\"twitter:label1\" content=\"Est. reading time\" \/>\n\t<meta name=\"twitter:data1\" content=\"1 minute\" \/>\n<!-- \/ Yoast SEO plugin. -->","yoast_head_json":{"title":"La Gestation Pour Autrui Pour Homosexuels Avec Dons D\u2019ovules","description":"La gestation pour autrui pour Homosexuels avec dons d\u2019ovules - la gestation pour autrui pour les couples homosexuels possible en multiples destinations.","robots":{"index":"index","follow":"follow","max-snippet":"max-snippet:-1","max-image-preview":"max-image-preview:large","max-video-preview":"max-video-preview:-1"},"canonical":"https:\/\/www.surrogacyforgay.com\/fr\/le-don-dovules\/","og_locale":"en_US","og_type":"article","og_title":"La Gestation Pour Autrui Pour Homosexuels Avec Dons D\u2019ovules","og_description":"La gestation pour autrui pour Homosexuels avec dons d\u2019ovules - la gestation pour autrui pour les couples homosexuels possible en multiples destinations.","og_url":"https:\/\/www.surrogacyforgay.com\/fr\/le-don-dovules\/","og_site_name":"Surrogacy for Gay","article_modified_time":"2017-11-02T10:52:14+00:00","og_image":[{"url":"https:\/\/www.surrogacyforgay.com\/wp-content\/uploads\/egg-donation.jpg","type":"","width":"","height":""}],"twitter_card":"summary_large_image","twitter_misc":{"Est. reading time":"1 minute"},"schema":{"@context":"https:\/\/schema.org","@graph":[{"@type":"WebPage","@id":"https:\/\/www.surrogacyforgay.com\/fr\/le-don-dovules\/","url":"https:\/\/www.surrogacyforgay.com\/fr\/le-don-dovules\/","name":"La Gestation Pour Autrui Pour Homosexuels Avec Dons D\u2019ovules","isPartOf":{"@id":"https:\/\/www.surrogacyforgay.com\/fr\/#website"},"datePublished":"2017-07-03T05:26:24+00:00","dateModified":"2017-11-02T10:52:14+00:00","description":"La gestation pour autrui pour Homosexuels avec dons d\u2019ovules - la gestation pour autrui pour les couples homosexuels possible en multiples destinations.","breadcrumb":{"@id":"https:\/\/www.surrogacyforgay.com\/fr\/le-don-dovules\/#breadcrumb"},"inLanguage":"en-US","potentialAction":[{"@type":"ReadAction","target":["https:\/\/www.surrogacyforgay.com\/fr\/le-don-dovules\/"]}]},{"@type":"BreadcrumbList","@id":"https:\/\/www.surrogacyforgay.com\/fr\/le-don-dovules\/#breadcrumb","itemListElement":[{"@type":"ListItem","position":1,"name":"Home","item":"https:\/\/www.surrogacyforgay.com\/fr\/"},{"@type":"ListItem","position":2,"name":"Le Don d\u2019Ovules"}]},{"@type":"WebSite","@id":"https:\/\/www.surrogacyforgay.com\/fr\/#website","url":"https:\/\/www.surrogacyforgay.com\/fr\/","name":"Surrogacy for Gay","description":"Gay Surrogacy Agency","potentialAction":[{"@type":"SearchAction","target":{"@type":"EntryPoint","urlTemplate":"https:\/\/www.surrogacyforgay.com\/fr\/?s={search_term_string}"},"query-input":{"@type":"PropertyValueSpecification","valueRequired":true,"valueName":"search_term_string"}}],"inLanguage":"en-US"}]}},"_links":{"self":[{"href":"https:\/\/www.surrogacyforgay.com\/fr\/wp-json\/wp\/v2\/pages\/25","targetHints":{"allow":["GET"]}}],"collection":[{"href":"https:\/\/www.surrogacyforgay.com\/fr\/wp-json\/wp\/v2\/pages"}],"about":[{"href":"https:\/\/www.surrogacyforgay.com\/fr\/wp-json\/wp\/v2\/types\/page"}],"author":[{"embeddable":true,"href":"https:\/\/www.surrogacyforgay.com\/fr\/wp-json\/wp\/v2\/users\/1"}],"replies":[{"embeddable":true,"href":"https:\/\/www.surrogacyforgay.com\/fr\/wp-json\/wp\/v2\/comments?post=25"}],"version-history":[{"count":6,"href":"https:\/\/www.surrogacyforgay.com\/fr\/wp-json\/wp\/v2\/pages\/25\/revisions"}],"predecessor-version":[{"id":333,"href":"https:\/\/www.surrogacyforgay.com\/fr\/wp-json\/wp\/v2\/pages\/25\/revisions\/333"}],"wp:attachment":[{"href":"https:\/\/www.surrogacyforgay.com\/fr\/wp-json\/wp\/v2\/media?parent=25"}],"curies":[{"name":"wp","href":"https:\/\/api.w.org\/{rel}","templated":true}]}}