{"id":27,"date":"2017-07-03T05:26:49","date_gmt":"2017-07-03T05:26:49","guid":{"rendered":"http:\/\/www.surrogacyforgay.com\/?page_id=27"},"modified":"2017-11-02T10:49:58","modified_gmt":"2017-11-02T10:49:58","slug":"reglementation","status":"publish","type":"page","link":"https:\/\/www.surrogacyforgay.com\/fr\/reglementation\/","title":{"rendered":"R\u00e8glementation"},"content":{"rendered":"<h2>R\u00e8glementation<\/h2>\n<p>Nous comprenons qu\u2019en tant que couple gay, la l\u00e9gislation autour de l\u2019orientation sexuelle et de son lien \u00e0 la parentalit\u00e9 est une pr\u00e9occupation majeure. Nous avons l\u2019exp\u00e9rience n\u00e9cessaire pour vous informer des endroits les plus propices en fonction des circonstances, et la connaissance requise pour prodiguer des conseils actualis\u00e9s sur le meilleur parcours juridique \u00e0 prendre pour fonder votre famille.<\/p>\n<div class=\"row\">\n<div class=\"col-md-7\">\nIl y a de nombreux pays o\u00f9 vous pourriez voyager, chacun avec ses avantages et ses inconv\u00e9nients selon la conjoncture. Vous pourrez trouver une information sp\u00e9cifique sur les pages pertinentes, mais pour une discussion plus approfondie, nos experts l\u00e9gaux seront heureux de vous orienter vers toutes les options disponibles et vous aider \u00e0 d\u00e9cider celle qui s\u2019av\u00e8re \u00eatre la meilleure pour vous. Nos experts juridiques surveillent les d\u00e9veloppements locaux et les issues possibles, de mani\u00e8re \u00e0 ce que vous sachiez que le conseil qui vous sera prodigu\u00e9 lors de ces discussions est pertinent et actualis\u00e9.<\/p><\/div>\n<div class=\"col-md-5 margin-bottom-sm\">\n        <img decoding=\"async\" src=\"\/wp-content\/uploads\/legislation.jpg\" alt=\"Surrogacy legislation\" class=\"img-responsive\" \/>\n    <\/div>\n<\/div>\n<p>Nous avons \u00e0 c\u0153ur de nous assurer que vous \u00eates au meilleur endroit pour fonder la famille que vous d\u00e9sirez et pour garder votre paix d\u2019esprit nous avons \u00e9galement des coordinateurs et des avocats d\u00e9tach\u00e9s dans chaque localisation internationale.<\/p>\n<div class=\"row\">\n<div class=\"col-md-8 col-md-offset-2 margin-top-lg margin-bottom-lg\">\n<div class=\"transparent-orange-dark\">\n<h3 class=\"text-white text-center no-margin-top padding-sm\">Un taux de Succ\u00e8s Garanti pour la Gestation pour autrui<\/h3>\n<\/div>\n<div class=\"bg-lightgray text-center padding-md\">\n<button class=\"btn btn-lg btn-nl-inv cm\" data-toggle=\"modal\" data-target=\"#mb\" type=\"button\">Contactez-nous maintenant<\/button> <a href=\"\/fr\/\" class=\"btn btn-lg btn-nl-orange\">En savoir plus<\/a>\n<\/div>\n<\/div>\n<\/div>\n","protected":false},"excerpt":{"rendered":"<p>R\u00e8glementation Nous comprenons qu\u2019en tant que couple gay, la l\u00e9gislation autour de l\u2019orientation sexuelle et de son lien \u00e0 la parentalit\u00e9 est une pr\u00e9occupation majeure. Nous avons l\u2019exp\u00e9rience n\u00e9cessaire pour vous informer des endroits les plus propices en fonction des circonstances, et la connaissance requise pour prodiguer des conseils actualis\u00e9s sur le meilleur parcours juridique [&hellip;]<\/p>\n","protected":false},"author":1,"featured_media":0,"parent":0,"menu_order":0,"comment_status":"closed","ping_status":"closed","template":"","meta":{"footnotes":""},"class_list":["post-27","page","type-page","status-publish","hentry"],"yoast_head":"<!-- This site is optimized with the Yoast SEO plugin v27.5 - https:\/\/yoast.com\/product\/yoast-seo-wordpress\/ -->\n<title>Aide en l\u00e9gislation pour la gestation pour autrui pour les couples homosexuels<\/title>\n<meta name=\"description\" content=\"La solution l\u00e9gale pour la gestation pour autrui pour les couples homosexuels en plusieurs destinations dans le monde. La gestation pour autrui pour les homosexuels est possible avec le don d\u2019ovules\" \/>\n<meta name=\"robots\" content=\"index, follow, max-snippet:-1, max-image-preview:large, max-video-preview:-1\" \/>\n<link rel=\"canonical\" href=\"https:\/\/www.surrogacyforgay.com\/fr\/reglementation\/\" \/>\n<meta property=\"og:locale\" content=\"en_US\" \/>\n<meta property=\"og:type\" content=\"article\" \/>\n<meta property=\"og:title\" content=\"Aide en l\u00e9gislation pour la gestation pour autrui pour les couples homosexuels\" \/>\n<meta property=\"og:description\" content=\"La solution l\u00e9gale pour la gestation pour autrui pour les couples homosexuels en plusieurs destinations dans le monde. La gestation pour autrui pour les homosexuels est possible avec le don d\u2019ovules\" \/>\n<meta property=\"og:url\" content=\"https:\/\/www.surrogacyforgay.com\/fr\/reglementation\/\" \/>\n<meta property=\"og:site_name\" content=\"Surrogacy for Gay\" \/>\n<meta property=\"article:modified_time\" content=\"2017-11-02T10:49:58+00:00\" \/>\n<meta property=\"og:image\" content=\"https:\/\/www.surrogacyforgay.com\/wp-content\/uploads\/legislation.jpg\" \/>\n<meta name=\"twitter:card\" content=\"summary_large_image\" \/>\n<meta name=\"twitter:label1\" content=\"Est. reading time\" \/>\n\t<meta name=\"twitter:data1\" content=\"1 minute\" \/>\n<!-- \/ Yoast SEO plugin. -->","yoast_head_json":{"title":"Aide en l\u00e9gislation pour la gestation pour autrui pour les couples homosexuels","description":"La solution l\u00e9gale pour la gestation pour autrui pour les couples homosexuels en plusieurs destinations dans le monde. La gestation pour autrui pour les homosexuels est possible avec le don d\u2019ovules","robots":{"index":"index","follow":"follow","max-snippet":"max-snippet:-1","max-image-preview":"max-image-preview:large","max-video-preview":"max-video-preview:-1"},"canonical":"https:\/\/www.surrogacyforgay.com\/fr\/reglementation\/","og_locale":"en_US","og_type":"article","og_title":"Aide en l\u00e9gislation pour la gestation pour autrui pour les couples homosexuels","og_description":"La solution l\u00e9gale pour la gestation pour autrui pour les couples homosexuels en plusieurs destinations dans le monde. La gestation pour autrui pour les homosexuels est possible avec le don d\u2019ovules","og_url":"https:\/\/www.surrogacyforgay.com\/fr\/reglementation\/","og_site_name":"Surrogacy for Gay","article_modified_time":"2017-11-02T10:49:58+00:00","og_image":[{"url":"https:\/\/www.surrogacyforgay.com\/wp-content\/uploads\/legislation.jpg","type":"","width":"","height":""}],"twitter_card":"summary_large_image","twitter_misc":{"Est. reading time":"1 minute"},"schema":{"@context":"https:\/\/schema.org","@graph":[{"@type":"WebPage","@id":"https:\/\/www.surrogacyforgay.com\/fr\/reglementation\/","url":"https:\/\/www.surrogacyforgay.com\/fr\/reglementation\/","name":"Aide en l\u00e9gislation pour la gestation pour autrui pour les couples homosexuels","isPartOf":{"@id":"https:\/\/www.surrogacyforgay.com\/fr\/#website"},"datePublished":"2017-07-03T05:26:49+00:00","dateModified":"2017-11-02T10:49:58+00:00","description":"La solution l\u00e9gale pour la gestation pour autrui pour les couples homosexuels en plusieurs destinations dans le monde. La gestation pour autrui pour les homosexuels est possible avec le don d\u2019ovules","breadcrumb":{"@id":"https:\/\/www.surrogacyforgay.com\/fr\/reglementation\/#breadcrumb"},"inLanguage":"en-US","potentialAction":[{"@type":"ReadAction","target":["https:\/\/www.surrogacyforgay.com\/fr\/reglementation\/"]}]},{"@type":"BreadcrumbList","@id":"https:\/\/www.surrogacyforgay.com\/fr\/reglementation\/#breadcrumb","itemListElement":[{"@type":"ListItem","position":1,"name":"Home","item":"https:\/\/www.surrogacyforgay.com\/fr\/"},{"@type":"ListItem","position":2,"name":"R\u00e8glementation"}]},{"@type":"WebSite","@id":"https:\/\/www.surrogacyforgay.com\/fr\/#website","url":"https:\/\/www.surrogacyforgay.com\/fr\/","name":"Surrogacy for Gay","description":"Gay Surrogacy Agency","potentialAction":[{"@type":"SearchAction","target":{"@type":"EntryPoint","urlTemplate":"https:\/\/www.surrogacyforgay.com\/fr\/?s={search_term_string}"},"query-input":{"@type":"PropertyValueSpecification","valueRequired":true,"valueName":"search_term_string"}}],"inLanguage":"en-US"}]}},"_links":{"self":[{"href":"https:\/\/www.surrogacyforgay.com\/fr\/wp-json\/wp\/v2\/pages\/27","targetHints":{"allow":["GET"]}}],"collection":[{"href":"https:\/\/www.surrogacyforgay.com\/fr\/wp-json\/wp\/v2\/pages"}],"about":[{"href":"https:\/\/www.surrogacyforgay.com\/fr\/wp-json\/wp\/v2\/types\/page"}],"author":[{"embeddable":true,"href":"https:\/\/www.surrogacyforgay.com\/fr\/wp-json\/wp\/v2\/users\/1"}],"replies":[{"embeddable":true,"href":"https:\/\/www.surrogacyforgay.com\/fr\/wp-json\/wp\/v2\/comments?post=27"}],"version-history":[{"count":4,"href":"https:\/\/www.surrogacyforgay.com\/fr\/wp-json\/wp\/v2\/pages\/27\/revisions"}],"predecessor-version":[{"id":332,"href":"https:\/\/www.surrogacyforgay.com\/fr\/wp-json\/wp\/v2\/pages\/27\/revisions\/332"}],"wp:attachment":[{"href":"https:\/\/www.surrogacyforgay.com\/fr\/wp-json\/wp\/v2\/media?parent=27"}],"curies":[{"name":"wp","href":"https:\/\/api.w.org\/{rel}","templated":true}]}}