{"id":334,"date":"2017-12-12T02:33:03","date_gmt":"2017-12-12T02:33:03","guid":{"rendered":"https:\/\/www.surrogacyforgay.com\/fr\/?page_id=334"},"modified":"2023-05-26T07:13:08","modified_gmt":"2023-05-26T07:13:08","slug":"notre-equipe","status":"publish","type":"page","link":"https:\/\/www.surrogacyforgay.com\/fr\/notre-equipe\/","title":{"rendered":"Notre \u00e9quipe"},"content":{"rendered":"<div class=\"row margin-top-lg\">\n<div class=\"col-md-4\"><img decoding=\"async\" src=\"https:\/\/www.surrogacyforgay.com\/wp-content\/uploads\/Mariam-Kukunashvili.jpg\" alt=\"Mariam Kukunashvili\" class=\"img-responsive\"><\/div>\n<div class=\"col-md-8\">\n<h3 class=\"no-margin-top\">Mariam Kukunashvili<\/h3>\n<p><i>Co-Fondateur<\/i><\/p>\n<p>Mariam sort dipl\u00f4m\u00e9e de l\u2019Universit\u00e9 Tbilisi State Medical avec les honneurs. Le gouvernement lui a offert une bourse de scolarit\u00e9 compl\u00e8te pour la poursuite de ses \u00e9tudes. Au bout de 3 ans, elle continue dans la m\u00eame universit\u00e9 pour obtenir son Master en Economie et Management de la Sant\u00e9. Parall\u00e8lement \u00e0 ses \u00e9tudes post graduate, Mariam travaille en tant qu\u2019infirmi\u00e8re de nuit puis en tant que m\u00e9decin \u00e0 l\u2019Unit\u00e9 de Soins d\u2019Urgences de l\u2019H\u00f4pital Central de Tbilisi.<br \/>\nA partir de 2003, Mariam travaille en tant que Coordinatrice R\u00e9gionale pour le projet europ\u00e9en \u201cR\u00e9forme de Financement des Soins de Sant\u00e9 Primaires en G\u00e9orgie\u201d , o\u00f9 elle a supervis\u00e9 la r\u00e9forme de sant\u00e9  dans le pays. Apr\u00e8s le projet de R\u00e9forme de Sant\u00e9,<\/p>\n<\/div>\n<div class=\"col-md-12\">\nMariam continue de travailler dans des projets financ\u00e9s par l\u2019Ambassade des USA ou par l\u2019UE : \u201cSoins Palliatifs\u201d, \u201cDiminution de la Pauvret\u00e9\u201d, des programmes pour l\u2019Ambassade des Etats-Unis tels que \u201cOp\u00e9rations de Soutien et de Stabilit\u00e9\u201d, \u201cProgramme de Diminution de la Menace des Armes Biologiques\u2019\u201d.<\/p>\n<p>A partir de 2008, Mariam conna\u00eet personnellement la probl\u00e9matique de la st\u00e9rilit\u00e9. Elle souffrait d\u2019endom\u00e9triose depuis tr\u00e8s longtemps. Elle subit 11 FIV et 4 chirurgies, et quand elle r\u00e9ussit enfin \u00e0 \u00eatre enceinte, c\u2019est une grossesse extra-ut\u00e9rine. Les conditions m\u00e9dicales l\u2019am\u00e8nent alors \u00e0 se tourner vers la gestation pour autrui. Gr\u00e2ce \u00e0 2 m\u00e8res porteuses, son mari et elle ont aujourd\u2019hui une magnifique fille et deux gar\u00e7ons jumeaux, n\u00e9s en 2011. Mariam est l\u2019auteur des livres \u201cLa Gestation pour autrui: Pratique Mondiale et R\u00e9alit\u00e9 G\u00e9orgienne\u201d, \u201cVieillir avec un Mode de Vie Sain\u201d et le co-auteur du livre \u201cGestation Pour Autrui et Fertilit\u00e9\u201d publi\u00e9 par l\u2019Universit\u00e9 de Cambridge en 2016. Elle \u00e9crit \u00e9galement des articles et des Blogs pour de nombreux journaux g\u00e9orgiens. Mariam croit fermement que chaque entreprise a une responsabilit\u00e9 sociale. Ainsi, en tant que fondatrice d\u2019une organisation de charit\u00e9 New Life Fund, elle aide les enfants de familles vuln\u00e9rables en \u00e2ge d\u2019\u00eatre scolaris\u00e9s en fournissant une allocation mensuelle pour leurs \u00e9tudes et pour permettre qu\u2019ils aient des coins tranquilles pour \u00e9tudier \u00e0 domicile. Mariam est passionn\u00e9e par les gens qui font face \u00e0 la st\u00e9rilit\u00e9, puisqu\u2019elle a elle-m\u00eame exp\u00e9riment\u00e9 maux de t\u00eate et d\u00e9ceptions qui y sont associ\u00e9s. Mariam apporte une exp\u00e9rience clinique et personnelle remarquable \u00e0 notre r\u00e9seau. Elle g\u00e8re les cliniques avec un r\u00e9el engagement et une vision pour atteindre ses objectifs.<\/p>\n<\/div>\n<\/div>\n<p>[it-team-manager]<\/p>\n<div class=\"row margin-top-lg\">\n<div class=\"col-md-4\"><img decoding=\"async\" src=\"https:\/\/www.surrogacyforgay.com\/wp-content\/uploads\/Sophie-Ukleba-17.11.01.jpg\" alt=\"Sophie Ukebla\" class=\"img-responsive\"><\/div>\n<div class=\"col-md-8\">\n<h3 class=\"no-margin-top\">Sophie Ukebla<\/h3>\n<p><i>Coordinatrice Internationale des Futurs Parents<\/i><\/p>\n<p>En tant que professionnelle hautement qualifi\u00e9e dans le service client, Sophie est un membre d\u00e9vou\u00e9 de l\u2019\u00e9quipe. Elle est un grand atout pour l\u2019entreprise. En sus d\u2019un dipl\u00f4me universitaire en Traduction et Interpr\u00e9tation, Sophie a obtenu un Master en Gestion des Affaires (MBA) au Royaume-Uni. Ayant travaill\u00e9 pour des soci\u00e9t\u00e9s londoniennes de prestige en tant que coordinatrice marketing et ventes, Sophie a l\u2019expertise n\u00e9cessaire pour assurer le niveau de satisfaction des futurs parents. Sa fiabilit\u00e9 aide \u00e0 guider nos futurs parents tout au long du processus de gestation pour autrui avec un minimum de stress.<\/p>\n<p>Sophie a travaill\u00e9 en tant que Conseiller Commercial Senior \u00e0 New Look, Marble Arch, Londres, ainsi qu\u2019en tant que Chef d\u2019Equipe&nbsp;Senior pour le Dorchester Hotel, Mayfair \u00e0 Londres. Sophie tient \u00e0 \u00eatre au fait des derni\u00e8res tendances en Gestion des Entreprises.<\/p>\n<\/div>\n<div class=\"col-md-12\">\nDerni\u00e8rement, elle a particip\u00e9 \u00e0 de prestigieuses conf\u00e9rences sur la Gestion des Ressources &amp; le D\u00e9veloppement de Carri\u00e8re,&nbsp;Gestion des Processus d\u2019Affaires &amp; du Changement, D\u00e9fis du Leadership &amp; Elaboration de Strat\u00e9gies.<\/p>\n<p>En tant que Coordinatrice Patient \u00e0 SurrogacyforGay, Sophie est en contact direct avec tous les futurs parents. Elle travaille en toute&nbsp;confidentialit\u00e9 et d\u00e9vouement, g\u00e8re et coordonne leurs demandes, fournit le soutien n\u00e9cessaire pour s\u2019assurer de la satisfaction des futurs parents, r\u00e9pond en d\u00e9tail \u00e0 toutes les questions pr\u00e9alables, pr\u00e9sente les programmes disponibles et n\u00e9gocie les accords finaux. Sophie est le contact principal pour les parents c\u00e9libataires\/ gays anglophones quand vous commencerez \u00e0 consid\u00e9rer une maternit\u00e9 de substitution et \/ ou un programme de don d\u2019ovule avec nous.<\/p>\n<p>Langues: G\u00e9orgien, Anglais, Russe<\/p>\n<\/div>\n<\/div>\n<div class=\"row margin-top-lg\">\n<div class=\"col-md-8\">\n<h3 class=\"no-margin-top\">Mimosa LY<\/h3>\n<p><i>Coordinatrice France des Futurs Parents<\/i><\/p>\n<p>Mimosa est Pharmacien qualifi\u00e9. Elle est dipl\u00f4m\u00e9e de l\u2019Universit\u00e9 de la Sant\u00e9 &amp; des Sciences du Royaume du Cambodge en 2007 et d\u2019un MBA au Build Bright University en 2013.<br \/>\nElle a travaill\u00e9 dans une clinique priv\u00e9e et dans les pharmacies de grandes cha\u00eenes en tant que manager. Plus tard, elle a rejoint la branche cambodgienne de New Life Global Network comme Coordinatrice des soins de grossesse. L\u2019entreprise a reconnu son efficacit\u00e9 et son succ\u00e8s qui est le reflet de ses qualit\u00e9s personnelles. Elle est tr\u00e8s organis\u00e9e dans son travail au quotidien, douce et compr\u00e9hensive, elle excelle pour communiquer avec les m\u00e8res porteuses et mettre \u00e0 jour \u00e0 temps toutes les informations en d\u00e9tail pour les futurs Parents. Depuis 2016, elle a d\u00e9m\u00e9nag\u00e9 et a commenc\u00e9 \u00e0 travailler pour un laboratoire pharmaceutique en Europe.<\/p>\n<p>Mimosa est le contact principal des futurs parents francophones.<\/p>\n<p>Langues: Fran\u00e7ais, Anglais, Cambodgien<\/p>\n<\/div>\n<div class=\"col-md-4\"><img decoding=\"async\" src=\"https:\/\/www.surrogacyforgay.com\/wp-content\/uploads\/mimosa-e1512453763459.jpg\" class=\"img-responsive\"><\/div>\n<\/div>\n<div class=\"row margin-top-lg\">\n<div class=\"col-md-4\"><img decoding=\"async\" src=\"https:\/\/www.surrogacyforgay.com\/wp-content\/uploads\/Shalva-Melanashvili.jpg\" alt=\"Shalva Melanashvili\" class=\"img-responsive\"><\/div>\n<div class=\"col-md-8\">\n<h3 class=\"no-margin-top\">Shalva Melanashvili<\/h3>\n<p><i>Coordinateur Logistique<\/i><\/p>\n<p>Shalva  vient de Tbilisi, G\u00e9orgie et il est dipl\u00f4m\u00e9 de la Facult\u00e9 de Droit o\u00f9 il a obtenu son Masters en droit international. Il est responsable de la gestion logistique des programmes des futurs parents. La plus grande partie de son exp\u00e9rience est en lien avec la gestion d\u2019entreprise, le service client et le droit  international. Shalva a travaill\u00e9 pour plusieurs entreprises, agences de publicit\u00e9, partis politiques et organisations LGBT.<\/p>\n<p>Shalva est un membre pr\u00e9cieux de l\u2019\u00e9quipe. Il organise la r\u00e9ception et l\u2019entreposage, le d\u00e9m\u00e9nagement et l\u2019exp\u00e9dition des fournitures, stocks et mat\u00e9riaux, en g\u00e9rant efficacement le traitement ponctuel des flux de commandes. Il porte une grande attention au d\u00e9tail et poss\u00e8de d\u2019excellentes comp\u00e9tences en gestion du temps avec un excellent taux de satisfaction client.<\/p>\n<p>Langues: Anglais, Russe<\/p>\n<\/div>\n<\/div>\n","protected":false},"excerpt":{"rendered":"<p>Mariam Kukunashvili Co-Fondateur Mariam sort dipl\u00f4m\u00e9e de l\u2019Universit\u00e9 Tbilisi State Medical avec les honneurs. Le gouvernement lui a offert une bourse de scolarit\u00e9 compl\u00e8te pour la poursuite de ses \u00e9tudes. Au bout de 3 ans, elle continue dans la m\u00eame universit\u00e9 pour obtenir son Master en Economie et Management de la Sant\u00e9. Parall\u00e8lement \u00e0 ses [&hellip;]<\/p>\n","protected":false},"author":1,"featured_media":0,"parent":0,"menu_order":0,"comment_status":"closed","ping_status":"closed","template":"","meta":{"footnotes":""},"class_list":["post-334","page","type-page","status-publish","hentry"],"yoast_head":"<!-- This site is optimized with the Yoast SEO plugin v27.4 - https:\/\/yoast.com\/product\/yoast-seo-wordpress\/ -->\n<title>Notre \u00e9quipe - Surrogacy for Gay<\/title>\n<meta name=\"robots\" content=\"index, follow, max-snippet:-1, max-image-preview:large, max-video-preview:-1\" \/>\n<link rel=\"canonical\" href=\"https:\/\/www.surrogacyforgay.com\/fr\/notre-equipe\/\" \/>\n<meta property=\"og:locale\" content=\"en_US\" \/>\n<meta property=\"og:type\" content=\"article\" \/>\n<meta property=\"og:title\" content=\"Notre \u00e9quipe - Surrogacy for Gay\" \/>\n<meta property=\"og:description\" content=\"Mariam Kukunashvili Co-Fondateur Mariam sort dipl\u00f4m\u00e9e de l\u2019Universit\u00e9 Tbilisi State Medical avec les honneurs. Le gouvernement lui a offert une bourse de scolarit\u00e9 compl\u00e8te pour la poursuite de ses \u00e9tudes. Au bout de 3 ans, elle continue dans la m\u00eame universit\u00e9 pour obtenir son Master en Economie et Management de la Sant\u00e9. Parall\u00e8lement \u00e0 ses [&hellip;]\" \/>\n<meta property=\"og:url\" content=\"https:\/\/www.surrogacyforgay.com\/fr\/notre-equipe\/\" \/>\n<meta property=\"og:site_name\" content=\"Surrogacy for Gay\" \/>\n<meta property=\"article:modified_time\" content=\"2023-05-26T07:13:08+00:00\" \/>\n<meta property=\"og:image\" content=\"https:\/\/www.surrogacyforgay.com\/wp-content\/uploads\/Mariam-Kukunashvili.jpg\" \/>\n<meta name=\"twitter:card\" content=\"summary_large_image\" \/>\n<meta name=\"twitter:label1\" content=\"Est. reading time\" \/>\n\t<meta name=\"twitter:data1\" content=\"5 minutes\" \/>\n<!-- \/ Yoast SEO plugin. -->","yoast_head_json":{"title":"Notre \u00e9quipe - Surrogacy for Gay","robots":{"index":"index","follow":"follow","max-snippet":"max-snippet:-1","max-image-preview":"max-image-preview:large","max-video-preview":"max-video-preview:-1"},"canonical":"https:\/\/www.surrogacyforgay.com\/fr\/notre-equipe\/","og_locale":"en_US","og_type":"article","og_title":"Notre \u00e9quipe - Surrogacy for Gay","og_description":"Mariam Kukunashvili Co-Fondateur Mariam sort dipl\u00f4m\u00e9e de l\u2019Universit\u00e9 Tbilisi State Medical avec les honneurs. Le gouvernement lui a offert une bourse de scolarit\u00e9 compl\u00e8te pour la poursuite de ses \u00e9tudes. Au bout de 3 ans, elle continue dans la m\u00eame universit\u00e9 pour obtenir son Master en Economie et Management de la Sant\u00e9. Parall\u00e8lement \u00e0 ses [&hellip;]","og_url":"https:\/\/www.surrogacyforgay.com\/fr\/notre-equipe\/","og_site_name":"Surrogacy for Gay","article_modified_time":"2023-05-26T07:13:08+00:00","og_image":[{"url":"https:\/\/www.surrogacyforgay.com\/wp-content\/uploads\/Mariam-Kukunashvili.jpg","type":"","width":"","height":""}],"twitter_card":"summary_large_image","twitter_misc":{"Est. reading time":"5 minutes"},"schema":{"@context":"https:\/\/schema.org","@graph":[{"@type":"WebPage","@id":"https:\/\/www.surrogacyforgay.com\/fr\/notre-equipe\/","url":"https:\/\/www.surrogacyforgay.com\/fr\/notre-equipe\/","name":"Notre \u00e9quipe - Surrogacy for Gay","isPartOf":{"@id":"https:\/\/www.surrogacyforgay.com\/fr\/#website"},"primaryImageOfPage":{"@id":"https:\/\/www.surrogacyforgay.com\/fr\/notre-equipe\/#primaryimage"},"image":{"@id":"https:\/\/www.surrogacyforgay.com\/fr\/notre-equipe\/#primaryimage"},"thumbnailUrl":"https:\/\/www.surrogacyforgay.com\/wp-content\/uploads\/Mariam-Kukunashvili.jpg","datePublished":"2017-12-12T02:33:03+00:00","dateModified":"2023-05-26T07:13:08+00:00","breadcrumb":{"@id":"https:\/\/www.surrogacyforgay.com\/fr\/notre-equipe\/#breadcrumb"},"inLanguage":"en-US","potentialAction":[{"@type":"ReadAction","target":["https:\/\/www.surrogacyforgay.com\/fr\/notre-equipe\/"]}]},{"@type":"ImageObject","inLanguage":"en-US","@id":"https:\/\/www.surrogacyforgay.com\/fr\/notre-equipe\/#primaryimage","url":"https:\/\/www.surrogacyforgay.com\/wp-content\/uploads\/Mariam-Kukunashvili.jpg","contentUrl":"https:\/\/www.surrogacyforgay.com\/wp-content\/uploads\/Mariam-Kukunashvili.jpg"},{"@type":"BreadcrumbList","@id":"https:\/\/www.surrogacyforgay.com\/fr\/notre-equipe\/#breadcrumb","itemListElement":[{"@type":"ListItem","position":1,"name":"Home","item":"https:\/\/www.surrogacyforgay.com\/fr\/"},{"@type":"ListItem","position":2,"name":"Notre \u00e9quipe"}]},{"@type":"WebSite","@id":"https:\/\/www.surrogacyforgay.com\/fr\/#website","url":"https:\/\/www.surrogacyforgay.com\/fr\/","name":"Surrogacy for Gay","description":"Gay Surrogacy Agency","potentialAction":[{"@type":"SearchAction","target":{"@type":"EntryPoint","urlTemplate":"https:\/\/www.surrogacyforgay.com\/fr\/?s={search_term_string}"},"query-input":{"@type":"PropertyValueSpecification","valueRequired":true,"valueName":"search_term_string"}}],"inLanguage":"en-US"}]}},"_links":{"self":[{"href":"https:\/\/www.surrogacyforgay.com\/fr\/wp-json\/wp\/v2\/pages\/334","targetHints":{"allow":["GET"]}}],"collection":[{"href":"https:\/\/www.surrogacyforgay.com\/fr\/wp-json\/wp\/v2\/pages"}],"about":[{"href":"https:\/\/www.surrogacyforgay.com\/fr\/wp-json\/wp\/v2\/types\/page"}],"author":[{"embeddable":true,"href":"https:\/\/www.surrogacyforgay.com\/fr\/wp-json\/wp\/v2\/users\/1"}],"replies":[{"embeddable":true,"href":"https:\/\/www.surrogacyforgay.com\/fr\/wp-json\/wp\/v2\/comments?post=334"}],"version-history":[{"count":8,"href":"https:\/\/www.surrogacyforgay.com\/fr\/wp-json\/wp\/v2\/pages\/334\/revisions"}],"predecessor-version":[{"id":349,"href":"https:\/\/www.surrogacyforgay.com\/fr\/wp-json\/wp\/v2\/pages\/334\/revisions\/349"}],"wp:attachment":[{"href":"https:\/\/www.surrogacyforgay.com\/fr\/wp-json\/wp\/v2\/media?parent=334"}],"curies":[{"name":"wp","href":"https:\/\/api.w.org\/{rel}","templated":true}]}}